{"id":15552,"date":"2023-01-17T11:09:30","date_gmt":"2023-01-17T10:09:30","guid":{"rendered":"https:\/\/www.hotelairone.info\/circuito-airone-plus\/"},"modified":"2023-04-06T16:53:48","modified_gmt":"2023-04-06T14:53:48","slug":"airone-plus","status":"publish","type":"page","link":"https:\/\/www.hotelairone.info\/de\/airone-plus\/","title":{"rendered":"Airone Plus"},"content":{"rendered":"[vc_row type=&#8220;full_width_content&#8220; full_screen_row_position=&#8220;middle&#8220; column_margin=&#8220;default&#8220; column_direction=&#8220;default&#8220; column_direction_tablet=&#8220;default&#8220; column_direction_phone=&#8220;default&#8220; scene_position=&#8220;center&#8220; top_padding=&#8220;80&#8243; bottom_padding=&#8220;6%&#8220; text_color=&#8220;dark&#8220; text_align=&#8220;left&#8220; row_border_radius=&#8220;none&#8220; row_border_radius_applies=&#8220;bg&#8220; overflow=&#8220;hidden&#8220; advanced_gradient_angle=&#8220;0&#8243; overlay_strength=&#8220;0.3&#8243; gradient_direction=&#8220;left_to_right&#8220; shape_divider_position=&#8220;bottom&#8220; bg_image_animation=&#8220;none&#8220; shape_type=&#8220;straight_section&#8220; gradient_type=&#8220;default&#8220;][vc_column column_padding=&#8220;no-extra-padding&#8220; column_padding_tablet=&#8220;inherit&#8220; column_padding_phone=&#8220;inherit&#8220; column_padding_position=&#8220;top-bottom&#8220; column_element_direction_desktop=&#8220;default&#8220; column_element_spacing=&#8220;0px&#8220; desktop_text_alignment=&#8220;default&#8220; tablet_text_alignment=&#8220;default&#8220; phone_text_alignment=&#8220;default&#8220; background_color_opacity=&#8220;1&#8243; background_hover_color_opacity=&#8220;1&#8243; column_backdrop_filter=&#8220;none&#8220; column_shadow=&#8220;none&#8220; column_border_radius=&#8220;none&#8220; column_link_target=&#8220;_self&#8220; column_position=&#8220;default&#8220; advanced_gradient_angle=&#8220;0&#8243; gradient_direction=&#8220;left_to_right&#8220; overlay_strength=&#8220;0.3&#8243; width=&#8220;1\/1&#8243; tablet_width_inherit=&#8220;default&#8220; animation_type=&#8220;default&#8220; bg_image_animation=&#8220;none&#8220; border_type=&#8220;simple&#8220; column_border_width=&#8220;none&#8220; column_border_style=&#8220;solid&#8220; gradient_type=&#8220;default&#8220;][vc_row_inner column_margin=&#8220;none&#8220; column_direction=&#8220;default&#8220; column_direction_tablet=&#8220;default&#8220; column_direction_phone=&#8220;default&#8220; left_padding_desktop=&#8220;8%&#8220; constrain_group_2=&#8220;yes&#8220; right_padding_desktop=&#8220;8%&#8220; translate_y=&#8220;26%&#8220; text_align=&#8220;left&#8220; row_position=&#8220;default&#8220; row_position_tablet=&#8220;inherit&#8220; row_position_phone=&#8220;inherit&#8220; zindex=&#8220;200&#8243; overflow=&#8220;visible&#8220; pointer_events=&#8220;none&#8220;][vc_column_inner column_padding=&#8220;no-extra-padding&#8220; column_padding_tablet=&#8220;inherit&#8220; column_padding_phone=&#8220;inherit&#8220; column_padding_position=&#8220;all&#8220; column_element_direction_desktop=&#8220;default&#8220; column_element_spacing=&#8220;0px&#8220; desktop_text_alignment=&#8220;default&#8220; tablet_text_alignment=&#8220;default&#8220; phone_text_alignment=&#8220;default&#8220; background_color_opacity=&#8220;1&#8243; background_hover_color_opacity=&#8220;1&#8243; column_backdrop_filter=&#8220;none&#8220; column_shadow=&#8220;none&#8220; column_border_radius=&#8220;none&#8220; column_link_target=&#8220;_self&#8220; overflow=&#8220;visible&#8220; advanced_gradient_angle=&#8220;0&#8243; gradient_direction=&#8220;left_to_right&#8220; overlay_strength=&#8220;0.3&#8243; width=&#8220;1\/1&#8243; tablet_width_inherit=&#8220;default&#8220; animation_type=&#8220;parallax&#8220; animation_movement_type=&#8220;default&#8220; column_parallax_intensity=&#8220;1&#8243; persist_movement_on_mobile=&#8220;true&#8220; bg_image_animation=&#8220;none&#8220; border_type=&#8220;simple&#8220; column_border_width=&#8220;none&#8220; column_border_style=&#8220;solid&#8220; gradient_type=&#8220;default&#8220;][split_line_heading animation_type=&#8220;line-reveal-by-space&#8220; font_style=&#8220;h1&#8243; text_color=&#8220;#1d0054&#8243; line_reveal_by_space_text_effect=&#8220;letter-reveal-bottom&#8220; mobile_disable_animation=&#8220;true&#8220; content_alignment=&#8220;center&#8220; mobile_content_alignment=&#8220;inherit&#8220; link_target=&#8220;_self&#8220; text_content=&#8220;AIRONE PLUS&#8220; font_size=&#8220;10vw&#8220; font_line_height=&#8220;0.8&#8243; font_size_tablet=&#8220;10vw&#8220; animation_delay=&#8220;200&#8243; font_size_phone=&#8220;10vw&#8220;][\/split_line_heading][\/vc_column_inner][\/vc_row_inner][vc_row_inner column_margin=&#8220;default&#8220; column_direction=&#8220;default&#8220; column_direction_tablet=&#8220;default&#8220; column_direction_phone=&#8220;default&#8220; left_padding_desktop=&#8220;8%&#8220; constrain_group_2=&#8220;yes&#8220; right_padding_desktop=&#8220;8%&#8220; text_align=&#8220;left&#8220; row_position=&#8220;default&#8220; row_position_tablet=&#8220;inherit&#8220; row_position_phone=&#8220;inherit&#8220; zindex=&#8220;1&#8243; overflow=&#8220;hidden&#8220; pointer_events=&#8220;all&#8220;][vc_column_inner column_padding=&#8220;no-extra-padding&#8220; column_padding_tablet=&#8220;inherit&#8220; column_padding_phone=&#8220;inherit&#8220; column_padding_position=&#8220;all&#8220; column_element_direction_desktop=&#8220;default&#8220; column_element_spacing=&#8220;default&#8220; desktop_text_alignment=&#8220;default&#8220; tablet_text_alignment=&#8220;default&#8220; phone_text_alignment=&#8220;default&#8220; background_color_opacity=&#8220;1&#8243; background_hover_color_opacity=&#8220;1&#8243; column_backdrop_filter=&#8220;none&#8220; column_shadow=&#8220;none&#8220; column_border_radius=&#8220;none&#8220; column_link_target=&#8220;_self&#8220; overflow=&#8220;visible&#8220; advanced_gradient_angle=&#8220;0&#8243; gradient_direction=&#8220;left_to_right&#8220; overlay_strength=&#8220;0.3&#8243; width=&#8220;1\/1&#8243; tablet_width_inherit=&#8220;default&#8220; animation_type=&#8220;default&#8220; enable_animation=&#8220;true&#8220; animation=&#8220;fade-in-from-bottom&#8220; mobile_disable_entrance_animation=&#8220;true&#8220; animation_easing=&#8220;default&#8220; bg_image_animation=&#8220;none&#8220; border_type=&#8220;simple&#8220; column_border_width=&#8220;none&#8220; column_border_style=&#8220;solid&#8220; delay=&#8220;550&#8243; gradient_type=&#8220;default&#8220;][image_with_animation image_url=&#8220;13048&#8243; image_size=&#8220;full&#8220; animation_type=&#8220;entrance&#8220; animation=&#8220;None&#8220; animation_movement_type=&#8220;transform_y&#8220; hover_animation=&#8220;none&#8220; alignment=&#8220;&#8220; border_radius=&#8220;none&#8220; box_shadow=&#8220;none&#8220; image_loading=&#8220;default&#8220; max_width=&#8220;100%&#8220; max_width_mobile=&#8220;default&#8220;][\/vc_column_inner][\/vc_row_inner][\/vc_column][\/vc_row][vc_row type=&#8220;full_width_content&#8220; full_screen_row_position=&#8220;middle&#8220; column_margin=&#8220;default&#8220; column_direction=&#8220;default&#8220; column_direction_tablet=&#8220;default&#8220; column_direction_phone=&#8220;default&#8220; scene_position=&#8220;center&#8220; bottom_padding=&#8220;6%&#8220; left_padding_desktop=&#8220;13%&#8220; constrain_group_2=&#8220;yes&#8220; right_padding_desktop=&#8220;13%&#8220; bottom_padding_tablet=&#8220;15%&#8220; top_padding_phone=&#8220;7%&#8220; bottom_padding_phone=&#8220;15%&#8220; left_padding_phone=&#8220;8%&#8220; constrain_group_6=&#8220;yes&#8220; right_padding_phone=&#8220;8%&#8220; text_color=&#8220;dark&#8220; text_align=&#8220;left&#8220; row_border_radius=&#8220;none&#8220; row_border_radius_applies=&#8220;bg&#8220; overflow=&#8220;visible&#8220; advanced_gradient_angle=&#8220;0&#8243; overlay_strength=&#8220;0.3&#8243; gradient_direction=&#8220;left_to_right&#8220; shape_divider_position=&#8220;bottom&#8220; bg_image_animation=&#8220;none&#8220; shape_type=&#8220;&#8220; gradient_type=&#8220;default&#8220;][vc_column column_padding=&#8220;no-extra-padding&#8220; column_padding_tablet=&#8220;inherit&#8220; column_padding_phone=&#8220;inherit&#8220; column_padding_position=&#8220;all&#8220; column_element_direction_desktop=&#8220;default&#8220; column_element_spacing=&#8220;0px&#8220; centered_text=&#8220;true&#8220; desktop_text_alignment=&#8220;default&#8220; tablet_text_alignment=&#8220;default&#8220; phone_text_alignment=&#8220;default&#8220; background_color_opacity=&#8220;1&#8243; background_hover_color_opacity=&#8220;1&#8243; column_backdrop_filter=&#8220;none&#8220; column_shadow=&#8220;none&#8220; column_border_radius=&#8220;none&#8220; column_link_target=&#8220;_self&#8220; column_position=&#8220;default&#8220; advanced_gradient_angle=&#8220;0&#8243; gradient_direction=&#8220;left_to_right&#8220; overlay_strength=&#8220;0.3&#8243; width=&#8220;1\/6&#8243; tablet_width_inherit=&#8220;default&#8220; animation_type=&#8220;default&#8220; bg_image_animation=&#8220;none&#8220; border_type=&#8220;simple&#8220; column_border_width=&#8220;none&#8220; column_border_style=&#8220;solid&#8220; gradient_type=&#8220;default&#8220;][\/vc_column][vc_column column_padding=&#8220;no-extra-padding&#8220; column_padding_tablet=&#8220;inherit&#8220; column_padding_phone=&#8220;inherit&#8220; column_padding_position=&#8220;all&#8220; column_element_direction_desktop=&#8220;default&#8220; column_element_spacing=&#8220;default&#8220; centered_text=&#8220;true&#8220; desktop_text_alignment=&#8220;default&#8220; tablet_text_alignment=&#8220;default&#8220; phone_text_alignment=&#8220;default&#8220; background_color_opacity=&#8220;1&#8243; background_hover_color_opacity=&#8220;1&#8243; column_backdrop_filter=&#8220;none&#8220; column_shadow=&#8220;none&#8220; column_border_radius=&#8220;none&#8220; column_link_target=&#8220;_self&#8220; column_position=&#8220;default&#8220; gradient_direction=&#8220;left_to_right&#8220; overlay_strength=&#8220;0.3&#8243; width=&#8220;2\/3&#8243; tablet_width_inherit=&#8220;default&#8220; animation_type=&#8220;default&#8220; bg_image_animation=&#8220;none&#8220; border_type=&#8220;simple&#8220; column_border_width=&#8220;none&#8220; column_border_style=&#8220;solid&#8220; column_padding_type=&#8220;default&#8220; gradient_type=&#8220;default&#8220;][vc_column_text]\n<h5>ABONNIEREN SIE DEN NEWSLETTER<\/h5>\n[\/vc_column_text][vc_column_text]\n<h1>Treten Sie dem exklusiven Airone Plus Netzwerk bei<\/h1>\n[\/vc_column_text][vc_column_text]Airone Plus ist ein exklusives Netzwerk, das wir geschaffen haben, um unsere Stammg\u00e4ste und alle Personen zu belohnen, die sich f\u00fcr unseren Newsletter anmelden m\u00f6chten.[\/vc_column_text][\/vc_column][vc_column column_padding=&#8220;no-extra-padding&#8220; column_padding_tablet=&#8220;inherit&#8220; column_padding_phone=&#8220;inherit&#8220; column_padding_position=&#8220;all&#8220; column_element_direction_desktop=&#8220;default&#8220; column_element_spacing=&#8220;default&#8220; desktop_text_alignment=&#8220;default&#8220; tablet_text_alignment=&#8220;default&#8220; phone_text_alignment=&#8220;default&#8220; background_color_opacity=&#8220;1&#8243; background_hover_color_opacity=&#8220;1&#8243; column_backdrop_filter=&#8220;none&#8220; column_shadow=&#8220;none&#8220; column_border_radius=&#8220;none&#8220; column_link_target=&#8220;_self&#8220; column_position=&#8220;default&#8220; gradient_direction=&#8220;left_to_right&#8220; overlay_strength=&#8220;0.3&#8243; width=&#8220;1\/6&#8243; tablet_width_inherit=&#8220;default&#8220; animation_type=&#8220;default&#8220; bg_image_animation=&#8220;none&#8220; border_type=&#8220;simple&#8220; column_border_width=&#8220;none&#8220; column_border_style=&#8220;solid&#8220;][\/vc_column][\/vc_row][vc_row type=&#8220;in_container&#8220; full_screen_row_position=&#8220;middle&#8220; column_margin=&#8220;default&#8220; column_direction=&#8220;default&#8220; column_direction_tablet=&#8220;default&#8220; column_direction_phone=&#8220;default&#8220; scene_position=&#8220;center&#8220; bottom_padding=&#8220;6%&#8220; bottom_padding_tablet=&#8220;15%&#8220; bottom_padding_phone=&#8220;15%&#8220; text_color=&#8220;dark&#8220; text_align=&#8220;left&#8220; row_border_radius=&#8220;none&#8220; row_border_radius_applies=&#8220;bg&#8220; overflow=&#8220;visible&#8220; overlay_strength=&#8220;0.3&#8243; gradient_direction=&#8220;left_to_right&#8220; shape_divider_position=&#8220;bottom&#8220; bg_image_animation=&#8220;none&#8220; gradient_type=&#8220;default&#8220; shape_type=&#8220;&#8220;][vc_column column_padding=&#8220;padding-2-percent&#8220; column_padding_tablet=&#8220;inherit&#8220; column_padding_phone=&#8220;inherit&#8220; column_padding_position=&#8220;left-right&#8220; column_element_direction_desktop=&#8220;default&#8220; column_element_spacing=&#8220;default&#8220; desktop_text_alignment=&#8220;default&#8220; tablet_text_alignment=&#8220;default&#8220; phone_text_alignment=&#8220;default&#8220; background_color_opacity=&#8220;1&#8243; background_hover_color_opacity=&#8220;1&#8243; column_backdrop_filter=&#8220;none&#8220; column_shadow=&#8220;none&#8220; column_border_radius=&#8220;none&#8220; column_link_target=&#8220;_self&#8220; column_position=&#8220;default&#8220; gradient_direction=&#8220;left_to_right&#8220; overlay_strength=&#8220;0.3&#8243; width=&#8220;1\/2&#8243; tablet_width_inherit=&#8220;default&#8220; animation_type=&#8220;default&#8220; bg_image_animation=&#8220;none&#8220; border_type=&#8220;simple&#8220; column_border_width=&#8220;none&#8220; column_border_style=&#8220;solid&#8220; column_padding_type=&#8220;default&#8220; gradient_type=&#8220;default&#8220;][vc_column_text]Wenn Sie sich in unsere Mailingliste eintragen, haben Sie Zugriff auf viele Vorteile, vor allem einen exklusiven Rabatt auf unsere besten Online-Tarife. Zus\u00e4tzlich erhalten Sie unseren monatlichen Newsletter mit allen Updates und Neuigkeiten rund um unser Hotel, aktuelle Veranstaltungen und Angebote (aber keine Sorge, wir m\u00f6gen auch keinen Spam!).<\/p>\n<p>F\u00fcnf gute Gr\u00fcnde, sich in unsere Mailingliste einzutragen und dem Airone Plus-Netzwerk beizutreten:<\/p>\n<ul>\n<li><strong>5% Rabatt auf die garantiert besten Preise<\/strong><\/li>\n<li>Bleiben Sie \u00fcber alle Neuigkeiten des Hotels auf dem Laufenden<\/li>\n<li>Erhalten Sie exklusive Angebote f\u00fcr Ihre Aufenthalte<\/li>\n<li>Bleiben Sie auch im Alltag verbunden mit der wundersch\u00f6nen Insel Elba<\/li>\n<li>Abmeldem\u00f6glichkeit per Klick<\/li>\n<\/ul>\n[\/vc_column_text][\/vc_column][vc_column column_padding=&#8220;padding-2-percent&#8220; column_padding_tablet=&#8220;inherit&#8220; column_padding_phone=&#8220;inherit&#8220; column_padding_position=&#8220;left-right&#8220; column_element_direction_desktop=&#8220;default&#8220; column_element_spacing=&#8220;default&#8220; desktop_text_alignment=&#8220;default&#8220; tablet_text_alignment=&#8220;default&#8220; phone_text_alignment=&#8220;default&#8220; background_color_opacity=&#8220;1&#8243; background_hover_color_opacity=&#8220;1&#8243; column_backdrop_filter=&#8220;none&#8220; column_shadow=&#8220;none&#8220; column_border_radius=&#8220;none&#8220; column_link_target=&#8220;_self&#8220; column_position=&#8220;default&#8220; gradient_direction=&#8220;left_to_right&#8220; overlay_strength=&#8220;0.3&#8243; width=&#8220;1\/2&#8243; tablet_width_inherit=&#8220;default&#8220; animation_type=&#8220;default&#8220; bg_image_animation=&#8220;none&#8220; border_type=&#8220;simple&#8220; column_border_width=&#8220;none&#8220; column_border_style=&#8220;solid&#8220; column_padding_type=&#8220;default&#8220; gradient_type=&#8220;default&#8220;][split_line_heading animation_type=&#8220;line-reveal-by-space&#8220; font_style=&#8220;h2&#8243; text_color=&#8220;#000000&#8243; line_reveal_by_space_text_effect=&#8220;default&#8220; stagger_animation=&#8220;true&#8220; content_alignment=&#8220;default&#8220; mobile_content_alignment=&#8220;inherit&#8220; link_target=&#8220;_self&#8220; text_content=&#8220;Hier registrieren&#8220; font_size=&#8220;3vw&#8220;][\/split_line_heading][vc_column_text]\n<div id=\"mc-subscribe\" style=\"width: 100%;\"><\/div>\n<p><script>\n(function(doc, tag, id){\n   var js = doc.getElementsByTagName(tag)[0];\n   if (doc.getElementById(id)) {return;}\n   js = doc.createElement(tag); js.id = id;\n   js.src = \"https:\/\/user.mailcom.it\/api\/widget\/subscribe-5.js\";\n   js.type = \"text\/javascript\";\n   doc.body.appendChild(js);\n}(document, 'script', 'mc-subscribe-form'));\nwindow.onload = function() {\n  McSubscribeFormWidget.setOptions({\n    apiKey: 'b53ba77ae0bd08e5ebb5d2738fcc1bf66e205c16',\n    targetId: 'mc-subscribe',\n    language: 'de',\n    lists: 'MCLST-1429',\n    lists_choice: 'false',\n    attr: '243-cognome,241-nome,email',\n    cExist: '1',\n    cOtherList: '1',\n    triggerId: 'false',\n    theme: {\n\t\t\tbackground: 'transparent',\n\t\t\tfont: 'Arial, sans-serif',\n      align: 'left',\n\t\t\ttxt_color: '#000000',\n\t\t\ttxt_size: '14px',\n      form_background: 'white',\n\t\t\tform_txt_color: 'black',\n\t\t\tbtn_background: '#005085',\n\t\t\tbtn_color: '#FFFFFF',\n\t\t\tbtn_size: '16px'\n\t\t}\n  });\n  McSubscribeFormWidget.render();\n}\n<\/script><\/p>\n[\/vc_column_text][\/vc_column][\/vc_row]\n","protected":false},"excerpt":{"rendered":"<p>[vc_row type=&#8220;full_width_content&#8220; full_screen_row_position=&#8220;middle&#8220; column_margin=&#8220;default&#8220; column_direction=&#8220;default&#8220; column_direction_tablet=&#8220;default&#8220; column_direction_phone=&#8220;default&#8220; scene_position=&#8220;center&#8220; top_padding=&#8220;80&#8243; bottom_padding=&#8220;6%&#8220; text_color=&#8220;dark&#8220; text_align=&#8220;left&#8220; row_border_radius=&#8220;none&#8220; row_border_radius_applies=&#8220;bg&#8220; overflow=&#8220;hidden&#8220; advanced_gradient_angle=&#8220;0&#8243; overlay_strength=&#8220;0.3&#8243; gradient_direction=&#8220;left_to_right&#8220;&#8230;<\/p>\n","protected":false},"author":1,"featured_media":0,"parent":0,"menu_order":0,"comment_status":"closed","ping_status":"closed","template":"","meta":{"footnotes":""},"class_list":["post-15552","page","type-page","status-publish"],"yoast_head":"<!-- This site is optimized with the Yoast SEO plugin v27.3 - https:\/\/yoast.com\/product\/yoast-seo-wordpress\/ -->\n<title>Urlaubsangebote auf der Insel Elba | Hotel Airone<\/title>\n<meta name=\"description\" content=\"Hotel Airone: 4-Sterne-Hotel am Meer im Golf von Portoferraio auf der Insel Elba, Ihr 4-Sterne-Hotel auf der Insel Elba, umgeben von viel Gr\u00fcn.\" \/>\n<meta name=\"robots\" content=\"index, follow, max-snippet:-1, max-image-preview:large, max-video-preview:-1\" \/>\n<link rel=\"canonical\" href=\"https:\/\/www.hotelairone.info\/de\/airone-plus\/\" \/>\n<meta property=\"og:locale\" content=\"de_DE\" \/>\n<meta property=\"og:type\" content=\"article\" \/>\n<meta property=\"og:title\" content=\"Urlaubsangebote auf der Insel Elba | Hotel Airone\" \/>\n<meta property=\"og:description\" content=\"Hotel Airone: 4-Sterne-Hotel am Meer im Golf von Portoferraio auf der Insel Elba, Ihr 4-Sterne-Hotel auf der Insel Elba, umgeben von viel Gr\u00fcn.\" \/>\n<meta property=\"og:url\" content=\"https:\/\/www.hotelairone.info\/de\/airone-plus\/\" \/>\n<meta property=\"og:site_name\" content=\"Hotel Airone\" \/>\n<meta property=\"article:modified_time\" content=\"2023-04-06T14:53:48+00:00\" \/>\n<meta name=\"twitter:card\" content=\"summary_large_image\" \/>\n<script type=\"application\/ld+json\" class=\"yoast-schema-graph\">{\"@context\":\"https:\\\/\\\/schema.org\",\"@graph\":[{\"@type\":\"WebPage\",\"@id\":\"https:\\\/\\\/www.hotelairone.info\\\/de\\\/airone-plus\\\/\",\"url\":\"https:\\\/\\\/www.hotelairone.info\\\/de\\\/airone-plus\\\/\",\"name\":\"Urlaubsangebote auf der Insel Elba | Hotel Airone\",\"isPartOf\":{\"@id\":\"https:\\\/\\\/www.hotelairone.info\\\/#website\"},\"datePublished\":\"2023-01-17T10:09:30+00:00\",\"dateModified\":\"2023-04-06T14:53:48+00:00\",\"description\":\"Hotel Airone: 4-Sterne-Hotel am Meer im Golf von Portoferraio auf der Insel Elba, Ihr 4-Sterne-Hotel auf der Insel Elba, umgeben von viel Gr\u00fcn.\",\"breadcrumb\":{\"@id\":\"https:\\\/\\\/www.hotelairone.info\\\/de\\\/airone-plus\\\/#breadcrumb\"},\"inLanguage\":\"de\",\"potentialAction\":[{\"@type\":\"ReadAction\",\"target\":[\"https:\\\/\\\/www.hotelairone.info\\\/de\\\/airone-plus\\\/\"]}]},{\"@type\":\"BreadcrumbList\",\"@id\":\"https:\\\/\\\/www.hotelairone.info\\\/de\\\/airone-plus\\\/#breadcrumb\",\"itemListElement\":[{\"@type\":\"ListItem\",\"position\":1,\"name\":\"Home\",\"item\":\"https:\\\/\\\/www.hotelairone.info\\\/de\\\/\"},{\"@type\":\"ListItem\",\"position\":2,\"name\":\"Airone Plus\"}]},{\"@type\":\"WebSite\",\"@id\":\"https:\\\/\\\/www.hotelairone.info\\\/#website\",\"url\":\"https:\\\/\\\/www.hotelairone.info\\\/\",\"name\":\"Hotel Airone\",\"description\":\"Hotel Isola d\u2019Elba 4 stelle\",\"potentialAction\":[{\"@type\":\"SearchAction\",\"target\":{\"@type\":\"EntryPoint\",\"urlTemplate\":\"https:\\\/\\\/www.hotelairone.info\\\/?s={search_term_string}\"},\"query-input\":{\"@type\":\"PropertyValueSpecification\",\"valueRequired\":true,\"valueName\":\"search_term_string\"}}],\"inLanguage\":\"de\"}]}<\/script>\n<!-- \/ Yoast SEO plugin. -->","yoast_head_json":{"title":"Urlaubsangebote auf der Insel Elba | Hotel Airone","description":"Hotel Airone: 4-Sterne-Hotel am Meer im Golf von Portoferraio auf der Insel Elba, Ihr 4-Sterne-Hotel auf der Insel Elba, umgeben von viel Gr\u00fcn.","robots":{"index":"index","follow":"follow","max-snippet":"max-snippet:-1","max-image-preview":"max-image-preview:large","max-video-preview":"max-video-preview:-1"},"canonical":"https:\/\/www.hotelairone.info\/de\/airone-plus\/","og_locale":"de_DE","og_type":"article","og_title":"Urlaubsangebote auf der Insel Elba | Hotel Airone","og_description":"Hotel Airone: 4-Sterne-Hotel am Meer im Golf von Portoferraio auf der Insel Elba, Ihr 4-Sterne-Hotel auf der Insel Elba, umgeben von viel Gr\u00fcn.","og_url":"https:\/\/www.hotelairone.info\/de\/airone-plus\/","og_site_name":"Hotel Airone","article_modified_time":"2023-04-06T14:53:48+00:00","twitter_card":"summary_large_image","schema":{"@context":"https:\/\/schema.org","@graph":[{"@type":"WebPage","@id":"https:\/\/www.hotelairone.info\/de\/airone-plus\/","url":"https:\/\/www.hotelairone.info\/de\/airone-plus\/","name":"Urlaubsangebote auf der Insel Elba | Hotel Airone","isPartOf":{"@id":"https:\/\/www.hotelairone.info\/#website"},"datePublished":"2023-01-17T10:09:30+00:00","dateModified":"2023-04-06T14:53:48+00:00","description":"Hotel Airone: 4-Sterne-Hotel am Meer im Golf von Portoferraio auf der Insel Elba, Ihr 4-Sterne-Hotel auf der Insel Elba, umgeben von viel Gr\u00fcn.","breadcrumb":{"@id":"https:\/\/www.hotelairone.info\/de\/airone-plus\/#breadcrumb"},"inLanguage":"de","potentialAction":[{"@type":"ReadAction","target":["https:\/\/www.hotelairone.info\/de\/airone-plus\/"]}]},{"@type":"BreadcrumbList","@id":"https:\/\/www.hotelairone.info\/de\/airone-plus\/#breadcrumb","itemListElement":[{"@type":"ListItem","position":1,"name":"Home","item":"https:\/\/www.hotelairone.info\/de\/"},{"@type":"ListItem","position":2,"name":"Airone Plus"}]},{"@type":"WebSite","@id":"https:\/\/www.hotelairone.info\/#website","url":"https:\/\/www.hotelairone.info\/","name":"Hotel Airone","description":"Hotel Isola d\u2019Elba 4 stelle","potentialAction":[{"@type":"SearchAction","target":{"@type":"EntryPoint","urlTemplate":"https:\/\/www.hotelairone.info\/?s={search_term_string}"},"query-input":{"@type":"PropertyValueSpecification","valueRequired":true,"valueName":"search_term_string"}}],"inLanguage":"de"}]}},"_links":{"self":[{"href":"https:\/\/www.hotelairone.info\/de\/wp-json\/wp\/v2\/pages\/15552","targetHints":{"allow":["GET"]}}],"collection":[{"href":"https:\/\/www.hotelairone.info\/de\/wp-json\/wp\/v2\/pages"}],"about":[{"href":"https:\/\/www.hotelairone.info\/de\/wp-json\/wp\/v2\/types\/page"}],"author":[{"embeddable":true,"href":"https:\/\/www.hotelairone.info\/de\/wp-json\/wp\/v2\/users\/1"}],"replies":[{"embeddable":true,"href":"https:\/\/www.hotelairone.info\/de\/wp-json\/wp\/v2\/comments?post=15552"}],"version-history":[{"count":7,"href":"https:\/\/www.hotelairone.info\/de\/wp-json\/wp\/v2\/pages\/15552\/revisions"}],"predecessor-version":[{"id":16505,"href":"https:\/\/www.hotelairone.info\/de\/wp-json\/wp\/v2\/pages\/15552\/revisions\/16505"}],"wp:attachment":[{"href":"https:\/\/www.hotelairone.info\/de\/wp-json\/wp\/v2\/media?parent=15552"}],"curies":[{"name":"wp","href":"https:\/\/api.w.org\/{rel}","templated":true}]}}