{"id":16540,"date":"2023-05-17T16:40:17","date_gmt":"2023-05-17T14:40:17","guid":{"rendered":"https:\/\/www.hotelairone.info\/?page_id=16540"},"modified":"2023-05-24T10:31:19","modified_gmt":"2023-05-24T08:31:19","slug":"moby-toremar","status":"publish","type":"page","link":"https:\/\/www.hotelairone.info\/de\/angebote-hotel-und-faehre-insel-elba\/moby-toremar\/","title":{"rendered":"Buchen Sie Ihre F\u00e4hre Moby Toremar"},"content":{"rendered":"[vc_row type=&#8220;full_width_content&#8220; full_screen_row_position=&#8220;middle&#8220; column_margin=&#8220;default&#8220; column_direction=&#8220;default&#8220; column_direction_tablet=&#8220;default&#8220; column_direction_phone=&#8220;default&#8220; scene_position=&#8220;center&#8220; top_padding=&#8220;6%&#8220; bottom_padding=&#8220;2%&#8220; left_padding_desktop=&#8220;13%&#8220; constrain_group_2=&#8220;yes&#8220; right_padding_desktop=&#8220;13%&#8220; top_padding_tablet=&#8220;15%&#8220; bottom_padding_tablet=&#8220;5%&#8220; top_padding_phone=&#8220;15%&#8220; bottom_padding_phone=&#8220;5%&#8220; left_padding_phone=&#8220;8%&#8220; constrain_group_6=&#8220;yes&#8220; right_padding_phone=&#8220;8%&#8220; text_color=&#8220;dark&#8220; text_align=&#8220;left&#8220; row_border_radius=&#8220;none&#8220; row_border_radius_applies=&#8220;bg&#8220; overflow=&#8220;visible&#8220; advanced_gradient_angle=&#8220;0&#8243; overlay_strength=&#8220;0.3&#8243; gradient_direction=&#8220;left_to_right&#8220; shape_divider_position=&#8220;bottom&#8220; bg_image_animation=&#8220;none&#8220; shape_type=&#8220;&#8220; gradient_type=&#8220;default&#8220;][vc_column column_padding=&#8220;no-extra-padding&#8220; column_padding_tablet=&#8220;inherit&#8220; column_padding_phone=&#8220;inherit&#8220; column_padding_position=&#8220;all&#8220; column_element_direction_desktop=&#8220;default&#8220; column_element_spacing=&#8220;0px&#8220; centered_text=&#8220;true&#8220; desktop_text_alignment=&#8220;default&#8220; tablet_text_alignment=&#8220;default&#8220; phone_text_alignment=&#8220;default&#8220; background_color_opacity=&#8220;1&#8243; background_hover_color_opacity=&#8220;1&#8243; column_backdrop_filter=&#8220;none&#8220; column_shadow=&#8220;none&#8220; column_border_radius=&#8220;none&#8220; column_link_target=&#8220;_self&#8220; column_position=&#8220;default&#8220; advanced_gradient_angle=&#8220;0&#8243; gradient_direction=&#8220;left_to_right&#8220; overlay_strength=&#8220;0.3&#8243; width=&#8220;1\/6&#8243; tablet_width_inherit=&#8220;default&#8220; animation_type=&#8220;default&#8220; bg_image_animation=&#8220;none&#8220; border_type=&#8220;simple&#8220; column_border_width=&#8220;none&#8220; column_border_style=&#8220;solid&#8220; gradient_type=&#8220;default&#8220;][\/vc_column][vc_column column_padding=&#8220;no-extra-padding&#8220; column_padding_tablet=&#8220;inherit&#8220; column_padding_phone=&#8220;inherit&#8220; column_padding_position=&#8220;all&#8220; column_element_direction_desktop=&#8220;default&#8220; column_element_spacing=&#8220;default&#8220; centered_text=&#8220;true&#8220; desktop_text_alignment=&#8220;default&#8220; tablet_text_alignment=&#8220;default&#8220; phone_text_alignment=&#8220;default&#8220; background_color_opacity=&#8220;1&#8243; background_hover_color_opacity=&#8220;1&#8243; column_backdrop_filter=&#8220;none&#8220; column_shadow=&#8220;none&#8220; column_border_radius=&#8220;none&#8220; column_link_target=&#8220;_self&#8220; column_position=&#8220;default&#8220; gradient_direction=&#8220;left_to_right&#8220; overlay_strength=&#8220;0.3&#8243; width=&#8220;2\/3&#8243; tablet_width_inherit=&#8220;default&#8220; animation_type=&#8220;default&#8220; bg_image_animation=&#8220;none&#8220; border_type=&#8220;simple&#8220; column_border_width=&#8220;none&#8220; column_border_style=&#8220;solid&#8220; column_padding_type=&#8220;default&#8220; gradient_type=&#8220;default&#8220;][vc_column_text]\n<h1>Buchen Sie Ihre F\u00e4hre<br \/>\nMoby Toremar<\/h1>\n[\/vc_column_text][divider line_type=&#8220;No Line&#8220; custom_height=&#8220;30px&#8220;][\/vc_column][vc_column column_padding=&#8220;no-extra-padding&#8220; column_padding_tablet=&#8220;inherit&#8220; column_padding_phone=&#8220;inherit&#8220; column_padding_position=&#8220;all&#8220; column_element_direction_desktop=&#8220;default&#8220; column_element_spacing=&#8220;default&#8220; desktop_text_alignment=&#8220;default&#8220; tablet_text_alignment=&#8220;default&#8220; phone_text_alignment=&#8220;default&#8220; background_color_opacity=&#8220;1&#8243; background_hover_color_opacity=&#8220;1&#8243; column_backdrop_filter=&#8220;none&#8220; column_shadow=&#8220;none&#8220; column_border_radius=&#8220;none&#8220; column_link_target=&#8220;_self&#8220; column_position=&#8220;default&#8220; gradient_direction=&#8220;left_to_right&#8220; overlay_strength=&#8220;0.3&#8243; width=&#8220;1\/6&#8243; tablet_width_inherit=&#8220;default&#8220; animation_type=&#8220;default&#8220; bg_image_animation=&#8220;none&#8220; border_type=&#8220;simple&#8220; column_border_width=&#8220;none&#8220; column_border_style=&#8220;solid&#8220;][\/vc_column][\/vc_row][vc_row type=&#8220;in_container&#8220; full_screen_row_position=&#8220;middle&#8220; column_margin=&#8220;default&#8220; column_direction=&#8220;default&#8220; column_direction_tablet=&#8220;default&#8220; column_direction_phone=&#8220;default&#8220; scene_position=&#8220;center&#8220; text_color=&#8220;dark&#8220; text_align=&#8220;left&#8220; row_border_radius=&#8220;none&#8220; row_border_radius_applies=&#8220;bg&#8220; overflow=&#8220;visible&#8220; id=&#8220;moby&#8220; overlay_strength=&#8220;0.3&#8243; gradient_direction=&#8220;left_to_right&#8220; shape_divider_position=&#8220;bottom&#8220; bg_image_animation=&#8220;none&#8220; gradient_type=&#8220;default&#8220; shape_type=&#8220;&#8220;][vc_column column_padding=&#8220;no-extra-padding&#8220; column_padding_tablet=&#8220;inherit&#8220; column_padding_phone=&#8220;inherit&#8220; column_padding_position=&#8220;all&#8220; column_element_direction_desktop=&#8220;default&#8220; column_element_spacing=&#8220;default&#8220; desktop_text_alignment=&#8220;default&#8220; tablet_text_alignment=&#8220;default&#8220; phone_text_alignment=&#8220;default&#8220; background_color_opacity=&#8220;1&#8243; background_hover_color_opacity=&#8220;1&#8243; column_backdrop_filter=&#8220;none&#8220; column_shadow=&#8220;none&#8220; column_border_radius=&#8220;none&#8220; column_link_target=&#8220;_self&#8220; column_position=&#8220;default&#8220; gradient_direction=&#8220;left_to_right&#8220; overlay_strength=&#8220;0.3&#8243; width=&#8220;1\/1&#8243; tablet_width_inherit=&#8220;default&#8220; animation_type=&#8220;default&#8220; bg_image_animation=&#8220;none&#8220; border_type=&#8220;simple&#8220; column_border_width=&#8220;none&#8220; column_border_style=&#8220;solid&#8220;][vc_column_text]\n<p><iframe id=\"tlines\" class=\"tlines_frame\" style=\"border: 0px; width: 100%;\" src=\"https:\/\/www.misterferry.de\/de\/faehren-insel-elba.aspx?UAID=135707&amp;bkcolor=0&amp;txtcolor=989898&amp;bkbtncolor=138FE1&amp;txtbtncolor=FFFFFF&amp;bktitolo=138FE1&amp;txttitolo=FFFFFF&amp;language=de&amp;iframe_booking=true&amp;v2=true\" scrolling=\"no\"><\/iframe><\/p>\n<p style=\"font-size: 11px; margin: auto; font-family: Verdana; width: 100%; color: #666; margin-bottom: 12px; text-align: center;\">Servizio traghetti a cura di <a style=\"color: #666; text-decoration: none;\" href=\"https:\/\/www.misterferry.de\/de\/faehren-insel-elba.aspx?UAID=135707&amp;bkcolor=0&amp;txtcolor=989898&amp;bkbtncolor=138FE1&amp;txtbtncolor=FFFFFF&amp;bktitolo=138FE1&amp;txttitolo=FFFFFF\" target=\"_blank\" rel=\"noopener noreferrer\">Traghettilines<\/a><\/p>\n<p><script type=\"text\/javascript\" src=\"https:\/\/www.traghettilines.it\/Ajax\/tlines_resp_v2.js\"><\/script><\/p>\n[\/vc_column_text][\/vc_column][\/vc_row]\n","protected":false},"excerpt":{"rendered":"<p>[vc_row type=&#8220;full_width_content&#8220; full_screen_row_position=&#8220;middle&#8220; column_margin=&#8220;default&#8220; column_direction=&#8220;default&#8220; column_direction_tablet=&#8220;default&#8220; column_direction_phone=&#8220;default&#8220; scene_position=&#8220;center&#8220; top_padding=&#8220;6%&#8220; bottom_padding=&#8220;2%&#8220; left_padding_desktop=&#8220;13%&#8220; constrain_group_2=&#8220;yes&#8220; right_padding_desktop=&#8220;13%&#8220; top_padding_tablet=&#8220;15%&#8220; bottom_padding_tablet=&#8220;5%&#8220; top_padding_phone=&#8220;15%&#8220; bottom_padding_phone=&#8220;5%&#8220; left_padding_phone=&#8220;8%&#8220;&#8230;<\/p>\n","protected":false},"author":1,"featured_media":0,"parent":15502,"menu_order":0,"comment_status":"closed","ping_status":"closed","template":"","meta":{"footnotes":""},"class_list":["post-16540","page","type-page","status-publish"],"yoast_head":"<!-- This site is optimized with the Yoast SEO plugin v27.3 - https:\/\/yoast.com\/product\/yoast-seo-wordpress\/ -->\n<title>Buchen Sie Ihre F\u00e4hre Insel Elba Piombino | Hotel Airone<\/title>\n<meta name=\"description\" content=\"Mit dem Hotel Airone k\u00f6nnen Sie Tickets f\u00fcr F\u00e4hren nach Elba Island buchen und kaufen, die die Seegrenzen in diese Region abdecken.\" \/>\n<meta name=\"robots\" content=\"index, follow, max-snippet:-1, max-image-preview:large, max-video-preview:-1\" \/>\n<link rel=\"canonical\" href=\"https:\/\/www.hotelairone.info\/de\/angebote-hotel-und-faehre-insel-elba\/moby-toremar\/\" \/>\n<meta property=\"og:locale\" content=\"de_DE\" \/>\n<meta property=\"og:type\" content=\"article\" \/>\n<meta property=\"og:title\" content=\"Buchen Sie Ihre F\u00e4hre Insel Elba Piombino | Hotel Airone\" \/>\n<meta property=\"og:description\" content=\"Mit dem Hotel Airone k\u00f6nnen Sie Tickets f\u00fcr F\u00e4hren nach Elba Island buchen und kaufen, die die Seegrenzen in diese Region abdecken.\" \/>\n<meta property=\"og:url\" content=\"https:\/\/www.hotelairone.info\/de\/angebote-hotel-und-faehre-insel-elba\/moby-toremar\/\" \/>\n<meta property=\"og:site_name\" content=\"Hotel Airone\" \/>\n<meta property=\"article:modified_time\" content=\"2023-05-24T08:31:19+00:00\" \/>\n<meta name=\"twitter:card\" content=\"summary_large_image\" \/>\n<script type=\"application\/ld+json\" class=\"yoast-schema-graph\">{\"@context\":\"https:\\\/\\\/schema.org\",\"@graph\":[{\"@type\":\"WebPage\",\"@id\":\"https:\\\/\\\/www.hotelairone.info\\\/de\\\/angebote-hotel-und-faehre-insel-elba\\\/moby-toremar\\\/\",\"url\":\"https:\\\/\\\/www.hotelairone.info\\\/de\\\/angebote-hotel-und-faehre-insel-elba\\\/moby-toremar\\\/\",\"name\":\"Buchen Sie Ihre F\u00e4hre Insel Elba Piombino | Hotel Airone\",\"isPartOf\":{\"@id\":\"https:\\\/\\\/www.hotelairone.info\\\/#website\"},\"datePublished\":\"2023-05-17T14:40:17+00:00\",\"dateModified\":\"2023-05-24T08:31:19+00:00\",\"description\":\"Mit dem Hotel Airone k\u00f6nnen Sie Tickets f\u00fcr F\u00e4hren nach Elba Island buchen und kaufen, die die Seegrenzen in diese Region abdecken.\",\"breadcrumb\":{\"@id\":\"https:\\\/\\\/www.hotelairone.info\\\/de\\\/angebote-hotel-und-faehre-insel-elba\\\/moby-toremar\\\/#breadcrumb\"},\"inLanguage\":\"de\",\"potentialAction\":[{\"@type\":\"ReadAction\",\"target\":[\"https:\\\/\\\/www.hotelairone.info\\\/de\\\/angebote-hotel-und-faehre-insel-elba\\\/moby-toremar\\\/\"]}]},{\"@type\":\"BreadcrumbList\",\"@id\":\"https:\\\/\\\/www.hotelairone.info\\\/de\\\/angebote-hotel-und-faehre-insel-elba\\\/moby-toremar\\\/#breadcrumb\",\"itemListElement\":[{\"@type\":\"ListItem\",\"position\":1,\"name\":\"Home\",\"item\":\"https:\\\/\\\/www.hotelairone.info\\\/de\\\/\"},{\"@type\":\"ListItem\",\"position\":2,\"name\":\"Buchen Sie Ihre F\u00e4hre\",\"item\":\"https:\\\/\\\/www.hotelairone.info\\\/de\\\/angebote-hotel-und-faehre-insel-elba\\\/\"},{\"@type\":\"ListItem\",\"position\":3,\"name\":\"Buchen Sie Ihre F\u00e4hre Moby Toremar\"}]},{\"@type\":\"WebSite\",\"@id\":\"https:\\\/\\\/www.hotelairone.info\\\/#website\",\"url\":\"https:\\\/\\\/www.hotelairone.info\\\/\",\"name\":\"Hotel Airone\",\"description\":\"Hotel Isola d\u2019Elba 4 stelle\",\"potentialAction\":[{\"@type\":\"SearchAction\",\"target\":{\"@type\":\"EntryPoint\",\"urlTemplate\":\"https:\\\/\\\/www.hotelairone.info\\\/?s={search_term_string}\"},\"query-input\":{\"@type\":\"PropertyValueSpecification\",\"valueRequired\":true,\"valueName\":\"search_term_string\"}}],\"inLanguage\":\"de\"}]}<\/script>\n<!-- \/ Yoast SEO plugin. -->","yoast_head_json":{"title":"Buchen Sie Ihre F\u00e4hre Insel Elba Piombino | Hotel Airone","description":"Mit dem Hotel Airone k\u00f6nnen Sie Tickets f\u00fcr F\u00e4hren nach Elba Island buchen und kaufen, die die Seegrenzen in diese Region abdecken.","robots":{"index":"index","follow":"follow","max-snippet":"max-snippet:-1","max-image-preview":"max-image-preview:large","max-video-preview":"max-video-preview:-1"},"canonical":"https:\/\/www.hotelairone.info\/de\/angebote-hotel-und-faehre-insel-elba\/moby-toremar\/","og_locale":"de_DE","og_type":"article","og_title":"Buchen Sie Ihre F\u00e4hre Insel Elba Piombino | Hotel Airone","og_description":"Mit dem Hotel Airone k\u00f6nnen Sie Tickets f\u00fcr F\u00e4hren nach Elba Island buchen und kaufen, die die Seegrenzen in diese Region abdecken.","og_url":"https:\/\/www.hotelairone.info\/de\/angebote-hotel-und-faehre-insel-elba\/moby-toremar\/","og_site_name":"Hotel Airone","article_modified_time":"2023-05-24T08:31:19+00:00","twitter_card":"summary_large_image","schema":{"@context":"https:\/\/schema.org","@graph":[{"@type":"WebPage","@id":"https:\/\/www.hotelairone.info\/de\/angebote-hotel-und-faehre-insel-elba\/moby-toremar\/","url":"https:\/\/www.hotelairone.info\/de\/angebote-hotel-und-faehre-insel-elba\/moby-toremar\/","name":"Buchen Sie Ihre F\u00e4hre Insel Elba Piombino | Hotel Airone","isPartOf":{"@id":"https:\/\/www.hotelairone.info\/#website"},"datePublished":"2023-05-17T14:40:17+00:00","dateModified":"2023-05-24T08:31:19+00:00","description":"Mit dem Hotel Airone k\u00f6nnen Sie Tickets f\u00fcr F\u00e4hren nach Elba Island buchen und kaufen, die die Seegrenzen in diese Region abdecken.","breadcrumb":{"@id":"https:\/\/www.hotelairone.info\/de\/angebote-hotel-und-faehre-insel-elba\/moby-toremar\/#breadcrumb"},"inLanguage":"de","potentialAction":[{"@type":"ReadAction","target":["https:\/\/www.hotelairone.info\/de\/angebote-hotel-und-faehre-insel-elba\/moby-toremar\/"]}]},{"@type":"BreadcrumbList","@id":"https:\/\/www.hotelairone.info\/de\/angebote-hotel-und-faehre-insel-elba\/moby-toremar\/#breadcrumb","itemListElement":[{"@type":"ListItem","position":1,"name":"Home","item":"https:\/\/www.hotelairone.info\/de\/"},{"@type":"ListItem","position":2,"name":"Buchen Sie Ihre F\u00e4hre","item":"https:\/\/www.hotelairone.info\/de\/angebote-hotel-und-faehre-insel-elba\/"},{"@type":"ListItem","position":3,"name":"Buchen Sie Ihre F\u00e4hre Moby Toremar"}]},{"@type":"WebSite","@id":"https:\/\/www.hotelairone.info\/#website","url":"https:\/\/www.hotelairone.info\/","name":"Hotel Airone","description":"Hotel Isola d\u2019Elba 4 stelle","potentialAction":[{"@type":"SearchAction","target":{"@type":"EntryPoint","urlTemplate":"https:\/\/www.hotelairone.info\/?s={search_term_string}"},"query-input":{"@type":"PropertyValueSpecification","valueRequired":true,"valueName":"search_term_string"}}],"inLanguage":"de"}]}},"_links":{"self":[{"href":"https:\/\/www.hotelairone.info\/de\/wp-json\/wp\/v2\/pages\/16540","targetHints":{"allow":["GET"]}}],"collection":[{"href":"https:\/\/www.hotelairone.info\/de\/wp-json\/wp\/v2\/pages"}],"about":[{"href":"https:\/\/www.hotelairone.info\/de\/wp-json\/wp\/v2\/types\/page"}],"author":[{"embeddable":true,"href":"https:\/\/www.hotelairone.info\/de\/wp-json\/wp\/v2\/users\/1"}],"replies":[{"embeddable":true,"href":"https:\/\/www.hotelairone.info\/de\/wp-json\/wp\/v2\/comments?post=16540"}],"version-history":[{"count":3,"href":"https:\/\/www.hotelairone.info\/de\/wp-json\/wp\/v2\/pages\/16540\/revisions"}],"predecessor-version":[{"id":16568,"href":"https:\/\/www.hotelairone.info\/de\/wp-json\/wp\/v2\/pages\/16540\/revisions\/16568"}],"up":[{"embeddable":true,"href":"https:\/\/www.hotelairone.info\/de\/wp-json\/wp\/v2\/pages\/15502"}],"wp:attachment":[{"href":"https:\/\/www.hotelairone.info\/de\/wp-json\/wp\/v2\/media?parent=16540"}],"curies":[{"name":"wp","href":"https:\/\/api.w.org\/{rel}","templated":true}]}}