{"id":15500,"date":"2023-01-17T11:27:34","date_gmt":"2023-01-17T10:27:34","guid":{"rendered":"https:\/\/www.hotelairone.info\/offerte-hotel-e-traghetto-isola-d-elba\/"},"modified":"2026-02-12T14:37:34","modified_gmt":"2026-02-12T13:37:34","slug":"offres-hotel-et-ferry-ile-d-elbe","status":"publish","type":"page","link":"https:\/\/www.hotelairone.info\/fr\/offres-hotel-et-ferry-ile-d-elbe\/","title":{"rendered":"R\u00e9servez votre Ferry"},"content":{"rendered":"[vc_row type=\u00a0\u00bbfull_width_content\u00a0\u00bb full_screen_row_position=\u00a0\u00bbmiddle\u00a0\u00bb column_margin=\u00a0\u00bbdefault\u00a0\u00bb column_direction=\u00a0\u00bbdefault\u00a0\u00bb column_direction_tablet=\u00a0\u00bbdefault\u00a0\u00bb column_direction_phone=\u00a0\u00bbdefault\u00a0\u00bb scene_position=\u00a0\u00bbcenter\u00a0\u00bb top_padding=\u00a0\u00bb6%\u00a0\u00bb bottom_padding=\u00a0\u00bb6%\u00a0\u00bb left_padding_desktop=\u00a0\u00bb13%\u00a0\u00bb constrain_group_2=\u00a0\u00bbyes\u00a0\u00bb right_padding_desktop=\u00a0\u00bb13%\u00a0\u00bb top_padding_tablet=\u00a0\u00bb15%\u00a0\u00bb constrain_group_3=\u00a0\u00bbyes\u00a0\u00bb bottom_padding_tablet=\u00a0\u00bb15%\u00a0\u00bb top_padding_phone=\u00a0\u00bb15%\u00a0\u00bb bottom_padding_phone=\u00a0\u00bb15%\u00a0\u00bb left_padding_phone=\u00a0\u00bb8%\u00a0\u00bb constrain_group_6=\u00a0\u00bbyes\u00a0\u00bb right_padding_phone=\u00a0\u00bb8%\u00a0\u00bb text_color=\u00a0\u00bbdark\u00a0\u00bb text_align=\u00a0\u00bbleft\u00a0\u00bb row_border_radius=\u00a0\u00bbnone\u00a0\u00bb row_border_radius_applies=\u00a0\u00bbbg\u00a0\u00bb overflow=\u00a0\u00bbvisible\u00a0\u00bb advanced_gradient_angle=\u00a0\u00bb0&Prime; overlay_strength=\u00a0\u00bb0.3&Prime; gradient_direction=\u00a0\u00bbleft_to_right\u00a0\u00bb shape_divider_position=\u00a0\u00bbbottom\u00a0\u00bb bg_image_animation=\u00a0\u00bbnone\u00a0\u00bb shape_type=\u00a0\u00bb\u00a0\u00bb gradient_type=\u00a0\u00bbdefault\u00a0\u00bb][vc_column column_padding=\u00a0\u00bbno-extra-padding\u00a0\u00bb column_padding_tablet=\u00a0\u00bbinherit\u00a0\u00bb column_padding_phone=\u00a0\u00bbinherit\u00a0\u00bb column_padding_position=\u00a0\u00bball\u00a0\u00bb column_element_direction_desktop=\u00a0\u00bbdefault\u00a0\u00bb column_element_spacing=\u00a0\u00bb0px\u00a0\u00bb centered_text=\u00a0\u00bbtrue\u00a0\u00bb desktop_text_alignment=\u00a0\u00bbdefault\u00a0\u00bb tablet_text_alignment=\u00a0\u00bbdefault\u00a0\u00bb phone_text_alignment=\u00a0\u00bbdefault\u00a0\u00bb background_color_opacity=\u00a0\u00bb1&Prime; background_hover_color_opacity=\u00a0\u00bb1&Prime; column_backdrop_filter=\u00a0\u00bbnone\u00a0\u00bb column_shadow=\u00a0\u00bbnone\u00a0\u00bb column_border_radius=\u00a0\u00bbnone\u00a0\u00bb column_link_target=\u00a0\u00bb_self\u00a0\u00bb column_position=\u00a0\u00bbdefault\u00a0\u00bb advanced_gradient_angle=\u00a0\u00bb0&Prime; gradient_direction=\u00a0\u00bbleft_to_right\u00a0\u00bb overlay_strength=\u00a0\u00bb0.3&Prime; width=\u00a0\u00bb1\/6&Prime; tablet_width_inherit=\u00a0\u00bbdefault\u00a0\u00bb animation_type=\u00a0\u00bbdefault\u00a0\u00bb bg_image_animation=\u00a0\u00bbnone\u00a0\u00bb border_type=\u00a0\u00bbsimple\u00a0\u00bb column_border_width=\u00a0\u00bbnone\u00a0\u00bb column_border_style=\u00a0\u00bbsolid\u00a0\u00bb gradient_type=\u00a0\u00bbdefault\u00a0\u00bb][\/vc_column][vc_column column_padding=\u00a0\u00bbno-extra-padding\u00a0\u00bb column_padding_tablet=\u00a0\u00bbinherit\u00a0\u00bb column_padding_phone=\u00a0\u00bbinherit\u00a0\u00bb column_padding_position=\u00a0\u00bball\u00a0\u00bb column_element_direction_desktop=\u00a0\u00bbdefault\u00a0\u00bb column_element_spacing=\u00a0\u00bbdefault\u00a0\u00bb centered_text=\u00a0\u00bbtrue\u00a0\u00bb desktop_text_alignment=\u00a0\u00bbdefault\u00a0\u00bb tablet_text_alignment=\u00a0\u00bbdefault\u00a0\u00bb phone_text_alignment=\u00a0\u00bbdefault\u00a0\u00bb background_color_opacity=\u00a0\u00bb1&Prime; background_hover_color_opacity=\u00a0\u00bb1&Prime; column_backdrop_filter=\u00a0\u00bbnone\u00a0\u00bb column_shadow=\u00a0\u00bbnone\u00a0\u00bb column_border_radius=\u00a0\u00bbnone\u00a0\u00bb column_link_target=\u00a0\u00bb_self\u00a0\u00bb column_position=\u00a0\u00bbdefault\u00a0\u00bb gradient_direction=\u00a0\u00bbleft_to_right\u00a0\u00bb overlay_strength=\u00a0\u00bb0.3&Prime; width=\u00a0\u00bb2\/3&Prime; tablet_width_inherit=\u00a0\u00bbdefault\u00a0\u00bb animation_type=\u00a0\u00bbdefault\u00a0\u00bb bg_image_animation=\u00a0\u00bbnone\u00a0\u00bb border_type=\u00a0\u00bbsimple\u00a0\u00bb column_border_width=\u00a0\u00bbnone\u00a0\u00bb column_border_style=\u00a0\u00bbsolid\u00a0\u00bb column_padding_type=\u00a0\u00bbdefault\u00a0\u00bb gradient_type=\u00a0\u00bbdefault\u00a0\u00bb][vc_column_text]\n<h5>JUSQU\u2019\u00c0 20% DE R\u00c9DUCTION<\/h5>\n[\/vc_column_text][vc_column_text]\n<h1>R\u00e9servez votre Ferry<\/h1>\n[\/vc_column_text][vc_column_text]Avec l\u2019H\u00f4tel Airone, vous pouvez r\u00e9server et acheter des billets de ferry pour rejoindre rapidement et facilement l\u2019\u00eele d\u2019Elbe et <strong>profiter d\u2019une r\u00e9duction allant jusqu\u2019\u00e0 20 % sur le prix du billet.<\/strong> La proc\u00e9dure est tr\u00e8s simple puisque le syst\u00e8me de r\u00e9servation a \u00e9t\u00e9 con\u00e7u pour rendre le processus de consultation et d&rsquo;achat intuitif et s\u00fbr : vous pouvez trouver toutes les informations dont vous avez besoin sur les horaires, les prix, les tarifs, les offres, les itin\u00e9raires, les ports et la disponibilit\u00e9 des compagnies maritimes qui effectuer le service et r\u00e9server en quelques clics.<\/p>\n<p>Notre h\u00f4tel adh\u00e8re \u00e0 la promotion tarifaire Moby\/Toremar et BluNavy : lors de la confirmation de la r\u00e9servation de votre s\u00e9jour, vous pouvez demander le code ferry qui vous permettra d&rsquo;avoir jusqu&rsquo;\u00e0 20\u00a0% de r\u00e9duction sur le voyage sur le pont et sur la voiture. Le code \u00e0 saisir pour b\u00e9n\u00e9ficier de la r\u00e9duction sera communiqu\u00e9 dans l&rsquo;e-mail de confirmation de r\u00e9servation. Bonne navigation![\/vc_column_text][divider line_type=\u00a0\u00bbNo Line\u00a0\u00bb custom_height=\u00a0\u00bb30px\u00a0\u00bb][nectar_btn size=\u00a0\u00bbmedium\u00a0\u00bb button_style=\u00a0\u00bbregular\u00a0\u00bb button_color_2=\u00a0\u00bbExtra-Color-2&Prime; color_override=\u00a0\u00bb#f4ece2&Prime; solid_text_color_override=\u00a0\u00bb#000000&Prime; icon_family=\u00a0\u00bbnone\u00a0\u00bb text=\u00a0\u00bbR\u00c9SERVER MAINTENANT MOBY TOREMAR\u00a0\u00bb margin_bottom=\u00a0\u00bb15px\u00a0\u00bb margin_right=\u00a0\u00bb15px\u00a0\u00bb url=\u00a0\u00bbhttps:\/\/www.hotelairone.info\/fr\/offres-hotel-et-ferry-ile-d-elbe\/moby-toremar\/\u00a0\u00bb][nectar_btn size=\u00a0\u00bbmedium\u00a0\u00bb button_style=\u00a0\u00bbregular\u00a0\u00bb button_color_2=\u00a0\u00bbAccent-Color\u00a0\u00bb color_override=\u00a0\u00bb#005085&Prime; solid_text_color_override=\u00a0\u00bb#ffffff\u00a0\u00bb icon_family=\u00a0\u00bbnone\u00a0\u00bb text=\u00a0\u00bbR\u00c9SERVER MAINTENANT BLUNAVY\u00a0\u00bb margin_bottom=\u00a0\u00bb15px\u00a0\u00bb margin_right=\u00a0\u00bb15px\u00a0\u00bb url=\u00a0\u00bbhttps:\/\/www.hotelairone.info\/fr\/offres-hotel-et-ferry-ile-d-elbe\/blu-navy\/\u00a0\u00bb][\/vc_column][vc_column column_padding=\u00a0\u00bbno-extra-padding\u00a0\u00bb column_padding_tablet=\u00a0\u00bbinherit\u00a0\u00bb column_padding_phone=\u00a0\u00bbinherit\u00a0\u00bb column_padding_position=\u00a0\u00bball\u00a0\u00bb column_element_direction_desktop=\u00a0\u00bbdefault\u00a0\u00bb column_element_spacing=\u00a0\u00bbdefault\u00a0\u00bb desktop_text_alignment=\u00a0\u00bbdefault\u00a0\u00bb tablet_text_alignment=\u00a0\u00bbdefault\u00a0\u00bb phone_text_alignment=\u00a0\u00bbdefault\u00a0\u00bb background_color_opacity=\u00a0\u00bb1&Prime; background_hover_color_opacity=\u00a0\u00bb1&Prime; column_backdrop_filter=\u00a0\u00bbnone\u00a0\u00bb column_shadow=\u00a0\u00bbnone\u00a0\u00bb column_border_radius=\u00a0\u00bbnone\u00a0\u00bb column_link_target=\u00a0\u00bb_self\u00a0\u00bb column_position=\u00a0\u00bbdefault\u00a0\u00bb gradient_direction=\u00a0\u00bbleft_to_right\u00a0\u00bb overlay_strength=\u00a0\u00bb0.3&Prime; width=\u00a0\u00bb1\/6&Prime; tablet_width_inherit=\u00a0\u00bbdefault\u00a0\u00bb animation_type=\u00a0\u00bbdefault\u00a0\u00bb bg_image_animation=\u00a0\u00bbnone\u00a0\u00bb border_type=\u00a0\u00bbsimple\u00a0\u00bb column_border_width=\u00a0\u00bbnone\u00a0\u00bb column_border_style=\u00a0\u00bbsolid\u00a0\u00bb][\/vc_column][\/vc_row][vc_row type=\u00a0\u00bbin_container\u00a0\u00bb full_screen_row_position=\u00a0\u00bbmiddle\u00a0\u00bb column_margin=\u00a0\u00bbdefault\u00a0\u00bb column_direction=\u00a0\u00bbdefault\u00a0\u00bb column_direction_tablet=\u00a0\u00bbdefault\u00a0\u00bb column_direction_phone=\u00a0\u00bbdefault\u00a0\u00bb scene_position=\u00a0\u00bbcenter\u00a0\u00bb text_color=\u00a0\u00bbdark\u00a0\u00bb text_align=\u00a0\u00bbleft\u00a0\u00bb row_border_radius=\u00a0\u00bbnone\u00a0\u00bb row_border_radius_applies=\u00a0\u00bbbg\u00a0\u00bb overflow=\u00a0\u00bbvisible\u00a0\u00bb id=\u00a0\u00bbmoby\u00a0\u00bb disable_element=\u00a0\u00bbyes\u00a0\u00bb overlay_strength=\u00a0\u00bb0.3&Prime; gradient_direction=\u00a0\u00bbleft_to_right\u00a0\u00bb shape_divider_position=\u00a0\u00bbbottom\u00a0\u00bb bg_image_animation=\u00a0\u00bbnone\u00a0\u00bb gradient_type=\u00a0\u00bbdefault\u00a0\u00bb shape_type=\u00a0\u00bb\u00a0\u00bb][vc_column column_padding=\u00a0\u00bbno-extra-padding\u00a0\u00bb column_padding_tablet=\u00a0\u00bbinherit\u00a0\u00bb column_padding_phone=\u00a0\u00bbinherit\u00a0\u00bb column_padding_position=\u00a0\u00bball\u00a0\u00bb column_element_direction_desktop=\u00a0\u00bbdefault\u00a0\u00bb column_element_spacing=\u00a0\u00bbdefault\u00a0\u00bb desktop_text_alignment=\u00a0\u00bbdefault\u00a0\u00bb tablet_text_alignment=\u00a0\u00bbdefault\u00a0\u00bb phone_text_alignment=\u00a0\u00bbdefault\u00a0\u00bb background_color_opacity=\u00a0\u00bb1&Prime; background_hover_color_opacity=\u00a0\u00bb1&Prime; column_backdrop_filter=\u00a0\u00bbnone\u00a0\u00bb column_shadow=\u00a0\u00bbnone\u00a0\u00bb column_border_radius=\u00a0\u00bbnone\u00a0\u00bb column_link_target=\u00a0\u00bb_self\u00a0\u00bb column_position=\u00a0\u00bbdefault\u00a0\u00bb gradient_direction=\u00a0\u00bbleft_to_right\u00a0\u00bb overlay_strength=\u00a0\u00bb0.3&Prime; width=\u00a0\u00bb1\/1&Prime; tablet_width_inherit=\u00a0\u00bbdefault\u00a0\u00bb animation_type=\u00a0\u00bbdefault\u00a0\u00bb bg_image_animation=\u00a0\u00bbnone\u00a0\u00bb border_type=\u00a0\u00bbsimple\u00a0\u00bb column_border_width=\u00a0\u00bbnone\u00a0\u00bb column_border_style=\u00a0\u00bbsolid\u00a0\u00bb][vc_column_text]\n<p><iframe id=\"tlines\" class=\"tlines_frame\" style=\"border: 0px; width: 100%;\" src=\"https:\/\/www.misterferry.fr\/fr\/ile-d-elbe-ferries.aspx?UAID=135707&amp;bkcolor=0&amp;txtcolor=989898&amp;bkbtncolor=138FE1&amp;txtbtncolor=FFFFFF&amp;bktitolo=138FE1&amp;txttitolo=FFFFFF&amp;language=fr&amp;iframe_booking=true&amp;v2=true\" scrolling=\"no\"><\/iframe><\/p>\n<p style=\"font-size: 11px; margin: auto; font-family: Verdana; width: 100%; color: #666; margin-bottom: 12px; text-align: center;\">Servizio traghetti a cura di <a style=\"color: #666; text-decoration: none;\" href=\"https:\/\/www.misterferry.fr\/fr\/ile-d-elbe-ferries.aspx?UAID=135707&amp;bkcolor=0&amp;txtcolor=989898&amp;bkbtncolor=138FE1&amp;txtbtncolor=FFFFFF&amp;bktitolo=138FE1&amp;txttitolo=FFFFFF\" target=\"_blank\" rel=\"noopener noreferrer\">Traghettilines<\/a><\/p>\n<p><script type=\"text\/javascript\" src=\"https:\/\/www.traghettilines.it\/Ajax\/tlines_resp_v2.js\"><\/script><\/p>\n[\/vc_column_text][\/vc_column][\/vc_row]\n","protected":false},"excerpt":{"rendered":"<p>[vc_row type=\u00a0\u00bbfull_width_content\u00a0\u00bb full_screen_row_position=\u00a0\u00bbmiddle\u00a0\u00bb column_margin=\u00a0\u00bbdefault\u00a0\u00bb column_direction=\u00a0\u00bbdefault\u00a0\u00bb column_direction_tablet=\u00a0\u00bbdefault\u00a0\u00bb column_direction_phone=\u00a0\u00bbdefault\u00a0\u00bb scene_position=\u00a0\u00bbcenter\u00a0\u00bb top_padding=\u00a0\u00bb6%\u00a0\u00bb bottom_padding=\u00a0\u00bb6%\u00a0\u00bb left_padding_desktop=\u00a0\u00bb13%\u00a0\u00bb constrain_group_2=\u00a0\u00bbyes\u00a0\u00bb right_padding_desktop=\u00a0\u00bb13%\u00a0\u00bb top_padding_tablet=\u00a0\u00bb15%\u00a0\u00bb constrain_group_3=\u00a0\u00bbyes\u00a0\u00bb bottom_padding_tablet=\u00a0\u00bb15%\u00a0\u00bb top_padding_phone=\u00a0\u00bb15%\u00a0\u00bb bottom_padding_phone=\u00a0\u00bb15%\u00a0\u00bb&#8230;<\/p>\n","protected":false},"author":1,"featured_media":0,"parent":0,"menu_order":0,"comment_status":"closed","ping_status":"closed","template":"","meta":{"footnotes":""},"class_list":["post-15500","page","type-page","status-publish"],"yoast_head":"<!-- This site is optimized with the Yoast SEO plugin v27.3 - https:\/\/yoast.com\/product\/yoast-seo-wordpress\/ -->\n<title>Offre H\u00f4tel + Ferry d&#039;Elbe | H\u00f4tel Airone<\/title>\n<meta name=\"description\" content=\"R\u00e9ductions sur le ferry pour l&#039;\u00eele d&#039;Elbe si vous r\u00e9servez avec l&#039;H\u00f4tel Airone. Profitez de l&#039;offre pour passer vos vacances \u00e0 la plage.\" \/>\n<meta name=\"robots\" content=\"index, follow, max-snippet:-1, max-image-preview:large, max-video-preview:-1\" \/>\n<link rel=\"canonical\" href=\"https:\/\/www.hotelairone.info\/fr\/offres-hotel-et-ferry-ile-d-elbe\/\" \/>\n<meta property=\"og:locale\" content=\"fr_FR\" \/>\n<meta property=\"og:type\" content=\"article\" \/>\n<meta property=\"og:title\" content=\"Offre H\u00f4tel + Ferry d&#039;Elbe | H\u00f4tel Airone\" \/>\n<meta property=\"og:description\" content=\"R\u00e9ductions sur le ferry pour l&#039;\u00eele d&#039;Elbe si vous r\u00e9servez avec l&#039;H\u00f4tel Airone. Profitez de l&#039;offre pour passer vos vacances \u00e0 la plage.\" \/>\n<meta property=\"og:url\" content=\"https:\/\/www.hotelairone.info\/fr\/offres-hotel-et-ferry-ile-d-elbe\/\" \/>\n<meta property=\"og:site_name\" content=\"Hotel Airone\" \/>\n<meta property=\"article:modified_time\" content=\"2026-02-12T13:37:34+00:00\" \/>\n<meta name=\"twitter:card\" content=\"summary_large_image\" \/>\n<script type=\"application\/ld+json\" class=\"yoast-schema-graph\">{\"@context\":\"https:\\\/\\\/schema.org\",\"@graph\":[{\"@type\":\"WebPage\",\"@id\":\"https:\\\/\\\/www.hotelairone.info\\\/fr\\\/offres-hotel-et-ferry-ile-d-elbe\\\/\",\"url\":\"https:\\\/\\\/www.hotelairone.info\\\/fr\\\/offres-hotel-et-ferry-ile-d-elbe\\\/\",\"name\":\"Offre H\u00f4tel + Ferry d'Elbe | H\u00f4tel Airone\",\"isPartOf\":{\"@id\":\"https:\\\/\\\/www.hotelairone.info\\\/#website\"},\"datePublished\":\"2023-01-17T10:27:34+00:00\",\"dateModified\":\"2026-02-12T13:37:34+00:00\",\"description\":\"R\u00e9ductions sur le ferry pour l'\u00eele d'Elbe si vous r\u00e9servez avec l'H\u00f4tel Airone. Profitez de l'offre pour passer vos vacances \u00e0 la plage.\",\"breadcrumb\":{\"@id\":\"https:\\\/\\\/www.hotelairone.info\\\/fr\\\/offres-hotel-et-ferry-ile-d-elbe\\\/#breadcrumb\"},\"inLanguage\":\"fr-FR\",\"potentialAction\":[{\"@type\":\"ReadAction\",\"target\":[\"https:\\\/\\\/www.hotelairone.info\\\/fr\\\/offres-hotel-et-ferry-ile-d-elbe\\\/\"]}]},{\"@type\":\"BreadcrumbList\",\"@id\":\"https:\\\/\\\/www.hotelairone.info\\\/fr\\\/offres-hotel-et-ferry-ile-d-elbe\\\/#breadcrumb\",\"itemListElement\":[{\"@type\":\"ListItem\",\"position\":1,\"name\":\"Home\",\"item\":\"https:\\\/\\\/www.hotelairone.info\\\/fr\\\/\"},{\"@type\":\"ListItem\",\"position\":2,\"name\":\"R\u00e9servez votre Ferry\"}]},{\"@type\":\"WebSite\",\"@id\":\"https:\\\/\\\/www.hotelairone.info\\\/#website\",\"url\":\"https:\\\/\\\/www.hotelairone.info\\\/\",\"name\":\"Hotel Airone\",\"description\":\"Hotel Isola d\u2019Elba 4 stelle\",\"potentialAction\":[{\"@type\":\"SearchAction\",\"target\":{\"@type\":\"EntryPoint\",\"urlTemplate\":\"https:\\\/\\\/www.hotelairone.info\\\/?s={search_term_string}\"},\"query-input\":{\"@type\":\"PropertyValueSpecification\",\"valueRequired\":true,\"valueName\":\"search_term_string\"}}],\"inLanguage\":\"fr-FR\"}]}<\/script>\n<!-- \/ Yoast SEO plugin. -->","yoast_head_json":{"title":"Offre H\u00f4tel + Ferry d'Elbe | H\u00f4tel Airone","description":"R\u00e9ductions sur le ferry pour l'\u00eele d'Elbe si vous r\u00e9servez avec l'H\u00f4tel Airone. Profitez de l'offre pour passer vos vacances \u00e0 la plage.","robots":{"index":"index","follow":"follow","max-snippet":"max-snippet:-1","max-image-preview":"max-image-preview:large","max-video-preview":"max-video-preview:-1"},"canonical":"https:\/\/www.hotelairone.info\/fr\/offres-hotel-et-ferry-ile-d-elbe\/","og_locale":"fr_FR","og_type":"article","og_title":"Offre H\u00f4tel + Ferry d'Elbe | H\u00f4tel Airone","og_description":"R\u00e9ductions sur le ferry pour l'\u00eele d'Elbe si vous r\u00e9servez avec l'H\u00f4tel Airone. Profitez de l'offre pour passer vos vacances \u00e0 la plage.","og_url":"https:\/\/www.hotelairone.info\/fr\/offres-hotel-et-ferry-ile-d-elbe\/","og_site_name":"Hotel Airone","article_modified_time":"2026-02-12T13:37:34+00:00","twitter_card":"summary_large_image","schema":{"@context":"https:\/\/schema.org","@graph":[{"@type":"WebPage","@id":"https:\/\/www.hotelairone.info\/fr\/offres-hotel-et-ferry-ile-d-elbe\/","url":"https:\/\/www.hotelairone.info\/fr\/offres-hotel-et-ferry-ile-d-elbe\/","name":"Offre H\u00f4tel + Ferry d'Elbe | H\u00f4tel Airone","isPartOf":{"@id":"https:\/\/www.hotelairone.info\/#website"},"datePublished":"2023-01-17T10:27:34+00:00","dateModified":"2026-02-12T13:37:34+00:00","description":"R\u00e9ductions sur le ferry pour l'\u00eele d'Elbe si vous r\u00e9servez avec l'H\u00f4tel Airone. Profitez de l'offre pour passer vos vacances \u00e0 la plage.","breadcrumb":{"@id":"https:\/\/www.hotelairone.info\/fr\/offres-hotel-et-ferry-ile-d-elbe\/#breadcrumb"},"inLanguage":"fr-FR","potentialAction":[{"@type":"ReadAction","target":["https:\/\/www.hotelairone.info\/fr\/offres-hotel-et-ferry-ile-d-elbe\/"]}]},{"@type":"BreadcrumbList","@id":"https:\/\/www.hotelairone.info\/fr\/offres-hotel-et-ferry-ile-d-elbe\/#breadcrumb","itemListElement":[{"@type":"ListItem","position":1,"name":"Home","item":"https:\/\/www.hotelairone.info\/fr\/"},{"@type":"ListItem","position":2,"name":"R\u00e9servez votre Ferry"}]},{"@type":"WebSite","@id":"https:\/\/www.hotelairone.info\/#website","url":"https:\/\/www.hotelairone.info\/","name":"Hotel Airone","description":"Hotel Isola d\u2019Elba 4 stelle","potentialAction":[{"@type":"SearchAction","target":{"@type":"EntryPoint","urlTemplate":"https:\/\/www.hotelairone.info\/?s={search_term_string}"},"query-input":{"@type":"PropertyValueSpecification","valueRequired":true,"valueName":"search_term_string"}}],"inLanguage":"fr-FR"}]}},"_links":{"self":[{"href":"https:\/\/www.hotelairone.info\/fr\/wp-json\/wp\/v2\/pages\/15500","targetHints":{"allow":["GET"]}}],"collection":[{"href":"https:\/\/www.hotelairone.info\/fr\/wp-json\/wp\/v2\/pages"}],"about":[{"href":"https:\/\/www.hotelairone.info\/fr\/wp-json\/wp\/v2\/types\/page"}],"author":[{"embeddable":true,"href":"https:\/\/www.hotelairone.info\/fr\/wp-json\/wp\/v2\/users\/1"}],"replies":[{"embeddable":true,"href":"https:\/\/www.hotelairone.info\/fr\/wp-json\/wp\/v2\/comments?post=15500"}],"version-history":[{"count":9,"href":"https:\/\/www.hotelairone.info\/fr\/wp-json\/wp\/v2\/pages\/15500\/revisions"}],"predecessor-version":[{"id":17680,"href":"https:\/\/www.hotelairone.info\/fr\/wp-json\/wp\/v2\/pages\/15500\/revisions\/17680"}],"wp:attachment":[{"href":"https:\/\/www.hotelairone.info\/fr\/wp-json\/wp\/v2\/media?parent=15500"}],"curies":[{"name":"wp","href":"https:\/\/api.w.org\/{rel}","templated":true}]}}