{"id":16542,"date":"2023-05-17T16:40:17","date_gmt":"2023-05-17T14:40:17","guid":{"rendered":"https:\/\/www.hotelairone.info\/?page_id=16542"},"modified":"2023-05-24T10:31:33","modified_gmt":"2023-05-24T08:31:33","slug":"moby-toremar","status":"publish","type":"page","link":"https:\/\/www.hotelairone.info\/fr\/offres-hotel-et-ferry-ile-d-elbe\/moby-toremar\/","title":{"rendered":"R\u00e9servez votre Ferry Moby Toremar"},"content":{"rendered":"[vc_row type=\u00a0\u00bbfull_width_content\u00a0\u00bb full_screen_row_position=\u00a0\u00bbmiddle\u00a0\u00bb column_margin=\u00a0\u00bbdefault\u00a0\u00bb column_direction=\u00a0\u00bbdefault\u00a0\u00bb column_direction_tablet=\u00a0\u00bbdefault\u00a0\u00bb column_direction_phone=\u00a0\u00bbdefault\u00a0\u00bb scene_position=\u00a0\u00bbcenter\u00a0\u00bb top_padding=\u00a0\u00bb6%\u00a0\u00bb bottom_padding=\u00a0\u00bb2%\u00a0\u00bb left_padding_desktop=\u00a0\u00bb13%\u00a0\u00bb constrain_group_2=\u00a0\u00bbyes\u00a0\u00bb right_padding_desktop=\u00a0\u00bb13%\u00a0\u00bb top_padding_tablet=\u00a0\u00bb15%\u00a0\u00bb bottom_padding_tablet=\u00a0\u00bb5%\u00a0\u00bb top_padding_phone=\u00a0\u00bb15%\u00a0\u00bb bottom_padding_phone=\u00a0\u00bb5%\u00a0\u00bb left_padding_phone=\u00a0\u00bb8%\u00a0\u00bb constrain_group_6=\u00a0\u00bbyes\u00a0\u00bb right_padding_phone=\u00a0\u00bb8%\u00a0\u00bb text_color=\u00a0\u00bbdark\u00a0\u00bb text_align=\u00a0\u00bbleft\u00a0\u00bb row_border_radius=\u00a0\u00bbnone\u00a0\u00bb row_border_radius_applies=\u00a0\u00bbbg\u00a0\u00bb overflow=\u00a0\u00bbvisible\u00a0\u00bb advanced_gradient_angle=\u00a0\u00bb0&Prime; overlay_strength=\u00a0\u00bb0.3&Prime; gradient_direction=\u00a0\u00bbleft_to_right\u00a0\u00bb shape_divider_position=\u00a0\u00bbbottom\u00a0\u00bb bg_image_animation=\u00a0\u00bbnone\u00a0\u00bb shape_type=\u00a0\u00bb\u00a0\u00bb gradient_type=\u00a0\u00bbdefault\u00a0\u00bb][vc_column column_padding=\u00a0\u00bbno-extra-padding\u00a0\u00bb column_padding_tablet=\u00a0\u00bbinherit\u00a0\u00bb column_padding_phone=\u00a0\u00bbinherit\u00a0\u00bb column_padding_position=\u00a0\u00bball\u00a0\u00bb column_element_direction_desktop=\u00a0\u00bbdefault\u00a0\u00bb column_element_spacing=\u00a0\u00bb0px\u00a0\u00bb centered_text=\u00a0\u00bbtrue\u00a0\u00bb desktop_text_alignment=\u00a0\u00bbdefault\u00a0\u00bb tablet_text_alignment=\u00a0\u00bbdefault\u00a0\u00bb phone_text_alignment=\u00a0\u00bbdefault\u00a0\u00bb background_color_opacity=\u00a0\u00bb1&Prime; background_hover_color_opacity=\u00a0\u00bb1&Prime; column_backdrop_filter=\u00a0\u00bbnone\u00a0\u00bb column_shadow=\u00a0\u00bbnone\u00a0\u00bb column_border_radius=\u00a0\u00bbnone\u00a0\u00bb column_link_target=\u00a0\u00bb_self\u00a0\u00bb column_position=\u00a0\u00bbdefault\u00a0\u00bb advanced_gradient_angle=\u00a0\u00bb0&Prime; gradient_direction=\u00a0\u00bbleft_to_right\u00a0\u00bb overlay_strength=\u00a0\u00bb0.3&Prime; width=\u00a0\u00bb1\/6&Prime; tablet_width_inherit=\u00a0\u00bbdefault\u00a0\u00bb animation_type=\u00a0\u00bbdefault\u00a0\u00bb bg_image_animation=\u00a0\u00bbnone\u00a0\u00bb border_type=\u00a0\u00bbsimple\u00a0\u00bb column_border_width=\u00a0\u00bbnone\u00a0\u00bb column_border_style=\u00a0\u00bbsolid\u00a0\u00bb gradient_type=\u00a0\u00bbdefault\u00a0\u00bb][\/vc_column][vc_column column_padding=\u00a0\u00bbno-extra-padding\u00a0\u00bb column_padding_tablet=\u00a0\u00bbinherit\u00a0\u00bb column_padding_phone=\u00a0\u00bbinherit\u00a0\u00bb column_padding_position=\u00a0\u00bball\u00a0\u00bb column_element_direction_desktop=\u00a0\u00bbdefault\u00a0\u00bb column_element_spacing=\u00a0\u00bbdefault\u00a0\u00bb centered_text=\u00a0\u00bbtrue\u00a0\u00bb desktop_text_alignment=\u00a0\u00bbdefault\u00a0\u00bb tablet_text_alignment=\u00a0\u00bbdefault\u00a0\u00bb phone_text_alignment=\u00a0\u00bbdefault\u00a0\u00bb background_color_opacity=\u00a0\u00bb1&Prime; background_hover_color_opacity=\u00a0\u00bb1&Prime; column_backdrop_filter=\u00a0\u00bbnone\u00a0\u00bb column_shadow=\u00a0\u00bbnone\u00a0\u00bb column_border_radius=\u00a0\u00bbnone\u00a0\u00bb column_link_target=\u00a0\u00bb_self\u00a0\u00bb column_position=\u00a0\u00bbdefault\u00a0\u00bb gradient_direction=\u00a0\u00bbleft_to_right\u00a0\u00bb overlay_strength=\u00a0\u00bb0.3&Prime; width=\u00a0\u00bb2\/3&Prime; tablet_width_inherit=\u00a0\u00bbdefault\u00a0\u00bb animation_type=\u00a0\u00bbdefault\u00a0\u00bb bg_image_animation=\u00a0\u00bbnone\u00a0\u00bb border_type=\u00a0\u00bbsimple\u00a0\u00bb column_border_width=\u00a0\u00bbnone\u00a0\u00bb column_border_style=\u00a0\u00bbsolid\u00a0\u00bb column_padding_type=\u00a0\u00bbdefault\u00a0\u00bb gradient_type=\u00a0\u00bbdefault\u00a0\u00bb][vc_column_text]\n<h1>R\u00e9servez votre Ferry<br \/>\nMoby Toremar<\/h1>\n[\/vc_column_text][divider line_type=\u00a0\u00bbNo Line\u00a0\u00bb custom_height=\u00a0\u00bb30px\u00a0\u00bb][\/vc_column][vc_column column_padding=\u00a0\u00bbno-extra-padding\u00a0\u00bb column_padding_tablet=\u00a0\u00bbinherit\u00a0\u00bb column_padding_phone=\u00a0\u00bbinherit\u00a0\u00bb column_padding_position=\u00a0\u00bball\u00a0\u00bb column_element_direction_desktop=\u00a0\u00bbdefault\u00a0\u00bb column_element_spacing=\u00a0\u00bbdefault\u00a0\u00bb desktop_text_alignment=\u00a0\u00bbdefault\u00a0\u00bb tablet_text_alignment=\u00a0\u00bbdefault\u00a0\u00bb phone_text_alignment=\u00a0\u00bbdefault\u00a0\u00bb background_color_opacity=\u00a0\u00bb1&Prime; background_hover_color_opacity=\u00a0\u00bb1&Prime; column_backdrop_filter=\u00a0\u00bbnone\u00a0\u00bb column_shadow=\u00a0\u00bbnone\u00a0\u00bb column_border_radius=\u00a0\u00bbnone\u00a0\u00bb column_link_target=\u00a0\u00bb_self\u00a0\u00bb column_position=\u00a0\u00bbdefault\u00a0\u00bb gradient_direction=\u00a0\u00bbleft_to_right\u00a0\u00bb overlay_strength=\u00a0\u00bb0.3&Prime; width=\u00a0\u00bb1\/6&Prime; tablet_width_inherit=\u00a0\u00bbdefault\u00a0\u00bb animation_type=\u00a0\u00bbdefault\u00a0\u00bb bg_image_animation=\u00a0\u00bbnone\u00a0\u00bb border_type=\u00a0\u00bbsimple\u00a0\u00bb column_border_width=\u00a0\u00bbnone\u00a0\u00bb column_border_style=\u00a0\u00bbsolid\u00a0\u00bb][\/vc_column][\/vc_row][vc_row type=\u00a0\u00bbin_container\u00a0\u00bb full_screen_row_position=\u00a0\u00bbmiddle\u00a0\u00bb column_margin=\u00a0\u00bbdefault\u00a0\u00bb column_direction=\u00a0\u00bbdefault\u00a0\u00bb column_direction_tablet=\u00a0\u00bbdefault\u00a0\u00bb column_direction_phone=\u00a0\u00bbdefault\u00a0\u00bb scene_position=\u00a0\u00bbcenter\u00a0\u00bb text_color=\u00a0\u00bbdark\u00a0\u00bb text_align=\u00a0\u00bbleft\u00a0\u00bb row_border_radius=\u00a0\u00bbnone\u00a0\u00bb row_border_radius_applies=\u00a0\u00bbbg\u00a0\u00bb overflow=\u00a0\u00bbvisible\u00a0\u00bb id=\u00a0\u00bbmoby\u00a0\u00bb overlay_strength=\u00a0\u00bb0.3&Prime; gradient_direction=\u00a0\u00bbleft_to_right\u00a0\u00bb shape_divider_position=\u00a0\u00bbbottom\u00a0\u00bb bg_image_animation=\u00a0\u00bbnone\u00a0\u00bb gradient_type=\u00a0\u00bbdefault\u00a0\u00bb shape_type=\u00a0\u00bb\u00a0\u00bb][vc_column column_padding=\u00a0\u00bbno-extra-padding\u00a0\u00bb column_padding_tablet=\u00a0\u00bbinherit\u00a0\u00bb column_padding_phone=\u00a0\u00bbinherit\u00a0\u00bb column_padding_position=\u00a0\u00bball\u00a0\u00bb column_element_direction_desktop=\u00a0\u00bbdefault\u00a0\u00bb column_element_spacing=\u00a0\u00bbdefault\u00a0\u00bb desktop_text_alignment=\u00a0\u00bbdefault\u00a0\u00bb tablet_text_alignment=\u00a0\u00bbdefault\u00a0\u00bb phone_text_alignment=\u00a0\u00bbdefault\u00a0\u00bb background_color_opacity=\u00a0\u00bb1&Prime; background_hover_color_opacity=\u00a0\u00bb1&Prime; column_backdrop_filter=\u00a0\u00bbnone\u00a0\u00bb column_shadow=\u00a0\u00bbnone\u00a0\u00bb column_border_radius=\u00a0\u00bbnone\u00a0\u00bb column_link_target=\u00a0\u00bb_self\u00a0\u00bb column_position=\u00a0\u00bbdefault\u00a0\u00bb gradient_direction=\u00a0\u00bbleft_to_right\u00a0\u00bb overlay_strength=\u00a0\u00bb0.3&Prime; width=\u00a0\u00bb1\/1&Prime; tablet_width_inherit=\u00a0\u00bbdefault\u00a0\u00bb animation_type=\u00a0\u00bbdefault\u00a0\u00bb bg_image_animation=\u00a0\u00bbnone\u00a0\u00bb border_type=\u00a0\u00bbsimple\u00a0\u00bb column_border_width=\u00a0\u00bbnone\u00a0\u00bb column_border_style=\u00a0\u00bbsolid\u00a0\u00bb][vc_column_text]\n<p><iframe id=\"tlines\" class=\"tlines_frame\" style=\"border: 0px; width: 100%;\" src=\"https:\/\/www.misterferry.fr\/fr\/ile-d-elbe-ferries.aspx?UAID=135707&amp;bkcolor=0&amp;txtcolor=989898&amp;bkbtncolor=138FE1&amp;txtbtncolor=FFFFFF&amp;bktitolo=138FE1&amp;txttitolo=FFFFFF&amp;language=fr&amp;iframe_booking=true&amp;v2=true\" scrolling=\"no\"><\/iframe><\/p>\n<p style=\"font-size: 11px; margin: auto; font-family: Verdana; width: 100%; color: #666; margin-bottom: 12px; text-align: center;\">Servizio traghetti a cura di <a style=\"color: #666; text-decoration: none;\" href=\"https:\/\/www.misterferry.fr\/fr\/ile-d-elbe-ferries.aspx?UAID=135707&amp;bkcolor=0&amp;txtcolor=989898&amp;bkbtncolor=138FE1&amp;txtbtncolor=FFFFFF&amp;bktitolo=138FE1&amp;txttitolo=FFFFFF\" target=\"_blank\" rel=\"noopener noreferrer\">Traghettilines<\/a><\/p>\n<p><script type=\"text\/javascript\" src=\"https:\/\/www.traghettilines.it\/Ajax\/tlines_resp_v2.js\"><\/script><\/p>\n[\/vc_column_text][\/vc_column][\/vc_row]\n","protected":false},"excerpt":{"rendered":"<p>[vc_row type=\u00a0\u00bbfull_width_content\u00a0\u00bb full_screen_row_position=\u00a0\u00bbmiddle\u00a0\u00bb column_margin=\u00a0\u00bbdefault\u00a0\u00bb column_direction=\u00a0\u00bbdefault\u00a0\u00bb column_direction_tablet=\u00a0\u00bbdefault\u00a0\u00bb column_direction_phone=\u00a0\u00bbdefault\u00a0\u00bb scene_position=\u00a0\u00bbcenter\u00a0\u00bb top_padding=\u00a0\u00bb6%\u00a0\u00bb bottom_padding=\u00a0\u00bb2%\u00a0\u00bb left_padding_desktop=\u00a0\u00bb13%\u00a0\u00bb constrain_group_2=\u00a0\u00bbyes\u00a0\u00bb right_padding_desktop=\u00a0\u00bb13%\u00a0\u00bb top_padding_tablet=\u00a0\u00bb15%\u00a0\u00bb bottom_padding_tablet=\u00a0\u00bb5%\u00a0\u00bb top_padding_phone=\u00a0\u00bb15%\u00a0\u00bb bottom_padding_phone=\u00a0\u00bb5%\u00a0\u00bb left_padding_phone=\u00a0\u00bb8%\u00a0\u00bb&#8230;<\/p>\n","protected":false},"author":1,"featured_media":0,"parent":15500,"menu_order":0,"comment_status":"closed","ping_status":"closed","template":"","meta":{"footnotes":""},"class_list":["post-16542","page","type-page","status-publish"],"yoast_head":"<!-- This site is optimized with the Yoast SEO plugin v27.3 - https:\/\/yoast.com\/product\/yoast-seo-wordpress\/ -->\n<title>Offre H\u00f4tel + Ferry d&#039;Elbe | H\u00f4tel Airone<\/title>\n<meta name=\"description\" content=\"R\u00e9ductions sur le ferry pour l&#039;\u00eele d&#039;Elbe si vous r\u00e9servez avec l&#039;H\u00f4tel Airone. Profitez de l&#039;offre pour passer vos vacances \u00e0 la plage.\" \/>\n<meta name=\"robots\" content=\"index, follow, max-snippet:-1, max-image-preview:large, max-video-preview:-1\" \/>\n<link rel=\"canonical\" href=\"https:\/\/www.hotelairone.info\/fr\/offres-hotel-et-ferry-ile-d-elbe\/moby-toremar\/\" \/>\n<meta property=\"og:locale\" content=\"fr_FR\" \/>\n<meta property=\"og:type\" content=\"article\" \/>\n<meta property=\"og:title\" content=\"Offre H\u00f4tel + Ferry d&#039;Elbe | H\u00f4tel Airone\" \/>\n<meta property=\"og:description\" content=\"R\u00e9ductions sur le ferry pour l&#039;\u00eele d&#039;Elbe si vous r\u00e9servez avec l&#039;H\u00f4tel Airone. Profitez de l&#039;offre pour passer vos vacances \u00e0 la plage.\" \/>\n<meta property=\"og:url\" content=\"https:\/\/www.hotelairone.info\/fr\/offres-hotel-et-ferry-ile-d-elbe\/moby-toremar\/\" \/>\n<meta property=\"og:site_name\" content=\"Hotel Airone\" \/>\n<meta property=\"article:modified_time\" content=\"2023-05-24T08:31:33+00:00\" \/>\n<meta name=\"twitter:card\" content=\"summary_large_image\" \/>\n<script type=\"application\/ld+json\" class=\"yoast-schema-graph\">{\"@context\":\"https:\\\/\\\/schema.org\",\"@graph\":[{\"@type\":\"WebPage\",\"@id\":\"https:\\\/\\\/www.hotelairone.info\\\/fr\\\/offres-hotel-et-ferry-ile-d-elbe\\\/moby-toremar\\\/\",\"url\":\"https:\\\/\\\/www.hotelairone.info\\\/fr\\\/offres-hotel-et-ferry-ile-d-elbe\\\/moby-toremar\\\/\",\"name\":\"Offre H\u00f4tel + Ferry d'Elbe | H\u00f4tel Airone\",\"isPartOf\":{\"@id\":\"https:\\\/\\\/www.hotelairone.info\\\/#website\"},\"datePublished\":\"2023-05-17T14:40:17+00:00\",\"dateModified\":\"2023-05-24T08:31:33+00:00\",\"description\":\"R\u00e9ductions sur le ferry pour l'\u00eele d'Elbe si vous r\u00e9servez avec l'H\u00f4tel Airone. Profitez de l'offre pour passer vos vacances \u00e0 la plage.\",\"breadcrumb\":{\"@id\":\"https:\\\/\\\/www.hotelairone.info\\\/fr\\\/offres-hotel-et-ferry-ile-d-elbe\\\/moby-toremar\\\/#breadcrumb\"},\"inLanguage\":\"fr-FR\",\"potentialAction\":[{\"@type\":\"ReadAction\",\"target\":[\"https:\\\/\\\/www.hotelairone.info\\\/fr\\\/offres-hotel-et-ferry-ile-d-elbe\\\/moby-toremar\\\/\"]}]},{\"@type\":\"BreadcrumbList\",\"@id\":\"https:\\\/\\\/www.hotelairone.info\\\/fr\\\/offres-hotel-et-ferry-ile-d-elbe\\\/moby-toremar\\\/#breadcrumb\",\"itemListElement\":[{\"@type\":\"ListItem\",\"position\":1,\"name\":\"Home\",\"item\":\"https:\\\/\\\/www.hotelairone.info\\\/fr\\\/\"},{\"@type\":\"ListItem\",\"position\":2,\"name\":\"R\u00e9servez votre Ferry\",\"item\":\"https:\\\/\\\/www.hotelairone.info\\\/fr\\\/offres-hotel-et-ferry-ile-d-elbe\\\/\"},{\"@type\":\"ListItem\",\"position\":3,\"name\":\"R\u00e9servez votre Ferry Moby Toremar\"}]},{\"@type\":\"WebSite\",\"@id\":\"https:\\\/\\\/www.hotelairone.info\\\/#website\",\"url\":\"https:\\\/\\\/www.hotelairone.info\\\/\",\"name\":\"Hotel Airone\",\"description\":\"Hotel Isola d\u2019Elba 4 stelle\",\"potentialAction\":[{\"@type\":\"SearchAction\",\"target\":{\"@type\":\"EntryPoint\",\"urlTemplate\":\"https:\\\/\\\/www.hotelairone.info\\\/?s={search_term_string}\"},\"query-input\":{\"@type\":\"PropertyValueSpecification\",\"valueRequired\":true,\"valueName\":\"search_term_string\"}}],\"inLanguage\":\"fr-FR\"}]}<\/script>\n<!-- \/ Yoast SEO plugin. -->","yoast_head_json":{"title":"Offre H\u00f4tel + Ferry d'Elbe | H\u00f4tel Airone","description":"R\u00e9ductions sur le ferry pour l'\u00eele d'Elbe si vous r\u00e9servez avec l'H\u00f4tel Airone. Profitez de l'offre pour passer vos vacances \u00e0 la plage.","robots":{"index":"index","follow":"follow","max-snippet":"max-snippet:-1","max-image-preview":"max-image-preview:large","max-video-preview":"max-video-preview:-1"},"canonical":"https:\/\/www.hotelairone.info\/fr\/offres-hotel-et-ferry-ile-d-elbe\/moby-toremar\/","og_locale":"fr_FR","og_type":"article","og_title":"Offre H\u00f4tel + Ferry d'Elbe | H\u00f4tel Airone","og_description":"R\u00e9ductions sur le ferry pour l'\u00eele d'Elbe si vous r\u00e9servez avec l'H\u00f4tel Airone. Profitez de l'offre pour passer vos vacances \u00e0 la plage.","og_url":"https:\/\/www.hotelairone.info\/fr\/offres-hotel-et-ferry-ile-d-elbe\/moby-toremar\/","og_site_name":"Hotel Airone","article_modified_time":"2023-05-24T08:31:33+00:00","twitter_card":"summary_large_image","schema":{"@context":"https:\/\/schema.org","@graph":[{"@type":"WebPage","@id":"https:\/\/www.hotelairone.info\/fr\/offres-hotel-et-ferry-ile-d-elbe\/moby-toremar\/","url":"https:\/\/www.hotelairone.info\/fr\/offres-hotel-et-ferry-ile-d-elbe\/moby-toremar\/","name":"Offre H\u00f4tel + Ferry d'Elbe | H\u00f4tel Airone","isPartOf":{"@id":"https:\/\/www.hotelairone.info\/#website"},"datePublished":"2023-05-17T14:40:17+00:00","dateModified":"2023-05-24T08:31:33+00:00","description":"R\u00e9ductions sur le ferry pour l'\u00eele d'Elbe si vous r\u00e9servez avec l'H\u00f4tel Airone. Profitez de l'offre pour passer vos vacances \u00e0 la plage.","breadcrumb":{"@id":"https:\/\/www.hotelairone.info\/fr\/offres-hotel-et-ferry-ile-d-elbe\/moby-toremar\/#breadcrumb"},"inLanguage":"fr-FR","potentialAction":[{"@type":"ReadAction","target":["https:\/\/www.hotelairone.info\/fr\/offres-hotel-et-ferry-ile-d-elbe\/moby-toremar\/"]}]},{"@type":"BreadcrumbList","@id":"https:\/\/www.hotelairone.info\/fr\/offres-hotel-et-ferry-ile-d-elbe\/moby-toremar\/#breadcrumb","itemListElement":[{"@type":"ListItem","position":1,"name":"Home","item":"https:\/\/www.hotelairone.info\/fr\/"},{"@type":"ListItem","position":2,"name":"R\u00e9servez votre Ferry","item":"https:\/\/www.hotelairone.info\/fr\/offres-hotel-et-ferry-ile-d-elbe\/"},{"@type":"ListItem","position":3,"name":"R\u00e9servez votre Ferry Moby Toremar"}]},{"@type":"WebSite","@id":"https:\/\/www.hotelairone.info\/#website","url":"https:\/\/www.hotelairone.info\/","name":"Hotel Airone","description":"Hotel Isola d\u2019Elba 4 stelle","potentialAction":[{"@type":"SearchAction","target":{"@type":"EntryPoint","urlTemplate":"https:\/\/www.hotelairone.info\/?s={search_term_string}"},"query-input":{"@type":"PropertyValueSpecification","valueRequired":true,"valueName":"search_term_string"}}],"inLanguage":"fr-FR"}]}},"_links":{"self":[{"href":"https:\/\/www.hotelairone.info\/fr\/wp-json\/wp\/v2\/pages\/16542","targetHints":{"allow":["GET"]}}],"collection":[{"href":"https:\/\/www.hotelairone.info\/fr\/wp-json\/wp\/v2\/pages"}],"about":[{"href":"https:\/\/www.hotelairone.info\/fr\/wp-json\/wp\/v2\/types\/page"}],"author":[{"embeddable":true,"href":"https:\/\/www.hotelairone.info\/fr\/wp-json\/wp\/v2\/users\/1"}],"replies":[{"embeddable":true,"href":"https:\/\/www.hotelairone.info\/fr\/wp-json\/wp\/v2\/comments?post=16542"}],"version-history":[{"count":3,"href":"https:\/\/www.hotelairone.info\/fr\/wp-json\/wp\/v2\/pages\/16542\/revisions"}],"predecessor-version":[{"id":16570,"href":"https:\/\/www.hotelairone.info\/fr\/wp-json\/wp\/v2\/pages\/16542\/revisions\/16570"}],"up":[{"embeddable":true,"href":"https:\/\/www.hotelairone.info\/fr\/wp-json\/wp\/v2\/pages\/15500"}],"wp:attachment":[{"href":"https:\/\/www.hotelairone.info\/fr\/wp-json\/wp\/v2\/media?parent=16542"}],"curies":[{"name":"wp","href":"https:\/\/api.w.org\/{rel}","templated":true}]}}