{"id":16867,"date":"2024-06-17T09:57:36","date_gmt":"2024-06-17T07:57:36","guid":{"rendered":"https:\/\/www.hotelairone.info\/?page_id=16867"},"modified":"2024-06-17T09:59:50","modified_gmt":"2024-06-17T07:59:50","slug":"blu-navy","status":"publish","type":"page","link":"https:\/\/www.hotelairone.info\/fr\/offres-hotel-et-ferry-ile-d-elbe\/blu-navy\/","title":{"rendered":"R\u00e9servez votre Ferry Blu Navy"},"content":{"rendered":"[vc_row type=\u00a0\u00bbfull_width_content\u00a0\u00bb full_screen_row_position=\u00a0\u00bbmiddle\u00a0\u00bb column_margin=\u00a0\u00bbdefault\u00a0\u00bb column_direction=\u00a0\u00bbdefault\u00a0\u00bb column_direction_tablet=\u00a0\u00bbdefault\u00a0\u00bb column_direction_phone=\u00a0\u00bbdefault\u00a0\u00bb scene_position=\u00a0\u00bbcenter\u00a0\u00bb top_padding=\u00a0\u00bb6%\u00a0\u00bb bottom_padding=\u00a0\u00bb2%\u00a0\u00bb left_padding_desktop=\u00a0\u00bb13%\u00a0\u00bb constrain_group_2=\u00a0\u00bbyes\u00a0\u00bb right_padding_desktop=\u00a0\u00bb13%\u00a0\u00bb top_padding_tablet=\u00a0\u00bb15%\u00a0\u00bb bottom_padding_tablet=\u00a0\u00bb5%\u00a0\u00bb top_padding_phone=\u00a0\u00bb15%\u00a0\u00bb bottom_padding_phone=\u00a0\u00bb5%\u00a0\u00bb left_padding_phone=\u00a0\u00bb8%\u00a0\u00bb constrain_group_6=\u00a0\u00bbyes\u00a0\u00bb right_padding_phone=\u00a0\u00bb8%\u00a0\u00bb text_color=\u00a0\u00bbdark\u00a0\u00bb text_align=\u00a0\u00bbleft\u00a0\u00bb row_border_radius=\u00a0\u00bbnone\u00a0\u00bb row_border_radius_applies=\u00a0\u00bbbg\u00a0\u00bb overflow=\u00a0\u00bbvisible\u00a0\u00bb advanced_gradient_angle=\u00a0\u00bb0&Prime; overlay_strength=\u00a0\u00bb0.3&Prime; gradient_direction=\u00a0\u00bbleft_to_right\u00a0\u00bb shape_divider_position=\u00a0\u00bbbottom\u00a0\u00bb bg_image_animation=\u00a0\u00bbnone\u00a0\u00bb shape_type=\u00a0\u00bb\u00a0\u00bb gradient_type=\u00a0\u00bbdefault\u00a0\u00bb][vc_column column_padding=\u00a0\u00bbno-extra-padding\u00a0\u00bb column_padding_tablet=\u00a0\u00bbinherit\u00a0\u00bb column_padding_phone=\u00a0\u00bbinherit\u00a0\u00bb column_padding_position=\u00a0\u00bball\u00a0\u00bb column_element_direction_desktop=\u00a0\u00bbdefault\u00a0\u00bb column_element_spacing=\u00a0\u00bb0px\u00a0\u00bb centered_text=\u00a0\u00bbtrue\u00a0\u00bb desktop_text_alignment=\u00a0\u00bbdefault\u00a0\u00bb tablet_text_alignment=\u00a0\u00bbdefault\u00a0\u00bb phone_text_alignment=\u00a0\u00bbdefault\u00a0\u00bb background_color_opacity=\u00a0\u00bb1&Prime; background_hover_color_opacity=\u00a0\u00bb1&Prime; column_backdrop_filter=\u00a0\u00bbnone\u00a0\u00bb column_shadow=\u00a0\u00bbnone\u00a0\u00bb column_border_radius=\u00a0\u00bbnone\u00a0\u00bb column_link_target=\u00a0\u00bb_self\u00a0\u00bb column_position=\u00a0\u00bbdefault\u00a0\u00bb advanced_gradient_angle=\u00a0\u00bb0&Prime; gradient_direction=\u00a0\u00bbleft_to_right\u00a0\u00bb overlay_strength=\u00a0\u00bb0.3&Prime; width=\u00a0\u00bb1\/6&Prime; tablet_width_inherit=\u00a0\u00bbdefault\u00a0\u00bb animation_type=\u00a0\u00bbdefault\u00a0\u00bb bg_image_animation=\u00a0\u00bbnone\u00a0\u00bb border_type=\u00a0\u00bbsimple\u00a0\u00bb column_border_width=\u00a0\u00bbnone\u00a0\u00bb column_border_style=\u00a0\u00bbsolid\u00a0\u00bb gradient_type=\u00a0\u00bbdefault\u00a0\u00bb][\/vc_column][vc_column column_padding=\u00a0\u00bbno-extra-padding\u00a0\u00bb column_padding_tablet=\u00a0\u00bbinherit\u00a0\u00bb column_padding_phone=\u00a0\u00bbinherit\u00a0\u00bb column_padding_position=\u00a0\u00bball\u00a0\u00bb column_element_direction_desktop=\u00a0\u00bbdefault\u00a0\u00bb column_element_spacing=\u00a0\u00bbdefault\u00a0\u00bb centered_text=\u00a0\u00bbtrue\u00a0\u00bb desktop_text_alignment=\u00a0\u00bbdefault\u00a0\u00bb tablet_text_alignment=\u00a0\u00bbdefault\u00a0\u00bb phone_text_alignment=\u00a0\u00bbdefault\u00a0\u00bb background_color_opacity=\u00a0\u00bb1&Prime; background_hover_color_opacity=\u00a0\u00bb1&Prime; column_backdrop_filter=\u00a0\u00bbnone\u00a0\u00bb column_shadow=\u00a0\u00bbnone\u00a0\u00bb column_border_radius=\u00a0\u00bbnone\u00a0\u00bb column_link_target=\u00a0\u00bb_self\u00a0\u00bb column_position=\u00a0\u00bbdefault\u00a0\u00bb gradient_direction=\u00a0\u00bbleft_to_right\u00a0\u00bb overlay_strength=\u00a0\u00bb0.3&Prime; width=\u00a0\u00bb2\/3&Prime; tablet_width_inherit=\u00a0\u00bbdefault\u00a0\u00bb animation_type=\u00a0\u00bbdefault\u00a0\u00bb bg_image_animation=\u00a0\u00bbnone\u00a0\u00bb border_type=\u00a0\u00bbsimple\u00a0\u00bb column_border_width=\u00a0\u00bbnone\u00a0\u00bb column_border_style=\u00a0\u00bbsolid\u00a0\u00bb column_padding_type=\u00a0\u00bbdefault\u00a0\u00bb gradient_type=\u00a0\u00bbdefault\u00a0\u00bb][vc_column_text]\n<h1>R\u00e9servez votre Ferry<br \/>\nBlu Navy<\/h1>\n[\/vc_column_text][divider line_type=\u00a0\u00bbNo Line\u00a0\u00bb custom_height=\u00a0\u00bb30px\u00a0\u00bb][\/vc_column][vc_column column_padding=\u00a0\u00bbno-extra-padding\u00a0\u00bb column_padding_tablet=\u00a0\u00bbinherit\u00a0\u00bb column_padding_phone=\u00a0\u00bbinherit\u00a0\u00bb column_padding_position=\u00a0\u00bball\u00a0\u00bb column_element_direction_desktop=\u00a0\u00bbdefault\u00a0\u00bb column_element_spacing=\u00a0\u00bbdefault\u00a0\u00bb desktop_text_alignment=\u00a0\u00bbdefault\u00a0\u00bb tablet_text_alignment=\u00a0\u00bbdefault\u00a0\u00bb phone_text_alignment=\u00a0\u00bbdefault\u00a0\u00bb background_color_opacity=\u00a0\u00bb1&Prime; background_hover_color_opacity=\u00a0\u00bb1&Prime; column_backdrop_filter=\u00a0\u00bbnone\u00a0\u00bb column_shadow=\u00a0\u00bbnone\u00a0\u00bb column_border_radius=\u00a0\u00bbnone\u00a0\u00bb column_link_target=\u00a0\u00bb_self\u00a0\u00bb column_position=\u00a0\u00bbdefault\u00a0\u00bb gradient_direction=\u00a0\u00bbleft_to_right\u00a0\u00bb overlay_strength=\u00a0\u00bb0.3&Prime; width=\u00a0\u00bb1\/6&Prime; tablet_width_inherit=\u00a0\u00bbdefault\u00a0\u00bb animation_type=\u00a0\u00bbdefault\u00a0\u00bb bg_image_animation=\u00a0\u00bbnone\u00a0\u00bb border_type=\u00a0\u00bbsimple\u00a0\u00bb column_border_width=\u00a0\u00bbnone\u00a0\u00bb column_border_style=\u00a0\u00bbsolid\u00a0\u00bb][\/vc_column][\/vc_row][vc_row type=\u00a0\u00bbin_container\u00a0\u00bb full_screen_row_position=\u00a0\u00bbmiddle\u00a0\u00bb column_margin=\u00a0\u00bbdefault\u00a0\u00bb column_direction=\u00a0\u00bbdefault\u00a0\u00bb column_direction_tablet=\u00a0\u00bbdefault\u00a0\u00bb column_direction_phone=\u00a0\u00bbdefault\u00a0\u00bb scene_position=\u00a0\u00bbcenter\u00a0\u00bb text_color=\u00a0\u00bbdark\u00a0\u00bb text_align=\u00a0\u00bbleft\u00a0\u00bb row_border_radius=\u00a0\u00bbnone\u00a0\u00bb row_border_radius_applies=\u00a0\u00bbbg\u00a0\u00bb overflow=\u00a0\u00bbvisible\u00a0\u00bb id=\u00a0\u00bbmoby\u00a0\u00bb overlay_strength=\u00a0\u00bb0.3&Prime; gradient_direction=\u00a0\u00bbleft_to_right\u00a0\u00bb shape_divider_position=\u00a0\u00bbbottom\u00a0\u00bb bg_image_animation=\u00a0\u00bbnone\u00a0\u00bb gradient_type=\u00a0\u00bbdefault\u00a0\u00bb shape_type=\u00a0\u00bb\u00a0\u00bb][vc_column column_padding=\u00a0\u00bbno-extra-padding\u00a0\u00bb column_padding_tablet=\u00a0\u00bbinherit\u00a0\u00bb column_padding_phone=\u00a0\u00bbinherit\u00a0\u00bb column_padding_position=\u00a0\u00bball\u00a0\u00bb column_element_direction_desktop=\u00a0\u00bbdefault\u00a0\u00bb column_element_spacing=\u00a0\u00bbdefault\u00a0\u00bb desktop_text_alignment=\u00a0\u00bbdefault\u00a0\u00bb tablet_text_alignment=\u00a0\u00bbdefault\u00a0\u00bb phone_text_alignment=\u00a0\u00bbdefault\u00a0\u00bb background_color_opacity=\u00a0\u00bb1&Prime; background_hover_color_opacity=\u00a0\u00bb1&Prime; column_backdrop_filter=\u00a0\u00bbnone\u00a0\u00bb column_shadow=\u00a0\u00bbnone\u00a0\u00bb column_border_radius=\u00a0\u00bbnone\u00a0\u00bb column_link_target=\u00a0\u00bb_self\u00a0\u00bb column_position=\u00a0\u00bbdefault\u00a0\u00bb gradient_direction=\u00a0\u00bbleft_to_right\u00a0\u00bb overlay_strength=\u00a0\u00bb0.3&Prime; width=\u00a0\u00bb1\/1&Prime; tablet_width_inherit=\u00a0\u00bbdefault\u00a0\u00bb animation_type=\u00a0\u00bbdefault\u00a0\u00bb bg_image_animation=\u00a0\u00bbnone\u00a0\u00bb border_type=\u00a0\u00bbsimple\u00a0\u00bb column_border_width=\u00a0\u00bbnone\u00a0\u00bb column_border_style=\u00a0\u00bbsolid\u00a0\u00bb][vc_column_text]\n<div style=\"margin: 0 auto;\"><iframe loading=\"lazy\" class=\"blunavyembed\" style=\"border: none; filter: drop-shadow(0px 3px 10px rgba(0,0,0,.2));\" src=\"https:\/\/blunavytraghetti.com\/fr\/hotel\/hotel-airone\/\/?iframe=banner\" width=\"100%\" height=\"100%\"><\/iframe><script src=\"https:\/\/blunavytraghetti.com\/wp-content\/themes\/cosmo\/assets\/js\/iframe\/embed.js\"><\/script><span style=\"font-family: sans-serif; color: #292c7e; font-size: 14px; padding-top: 10px; display: flex; align-items: center; justify-content: center; flex-wrap: wrap; gap: 10px; vertical-gap: 10px;\">Un service de travers\u00e9e en ferry vers l&rsquo;\u00eele d&rsquo;Elbe propos\u00e9 par <a style=\"font-family: sans-serif; color: #292c7e; font-size: 14px; text-decoration: none;\" href=\"https:\/\/blunavytraghetti.com\/fr\/?utm_source=snippet-embed\">Blunavytraghetti.com<\/a> <a href=\"https:\/\/blunavytraghetti.com\/fr\/?utm_source=snippet-embed\"><img decoding=\"async\" style=\"width: 80px;\" src=\"https:\/\/blunavytraghetti.com\/wp-content\/themes\/cosmo\/assets\/images\/logo-blunavy-traghetti.png\" alt=\"Logo BluNavy traghetti Elba\" \/><\/a><\/span><\/div>\n[\/vc_column_text][\/vc_column][\/vc_row]\n","protected":false},"excerpt":{"rendered":"<p>[vc_row type=\u00a0\u00bbfull_width_content\u00a0\u00bb full_screen_row_position=\u00a0\u00bbmiddle\u00a0\u00bb column_margin=\u00a0\u00bbdefault\u00a0\u00bb column_direction=\u00a0\u00bbdefault\u00a0\u00bb column_direction_tablet=\u00a0\u00bbdefault\u00a0\u00bb column_direction_phone=\u00a0\u00bbdefault\u00a0\u00bb scene_position=\u00a0\u00bbcenter\u00a0\u00bb top_padding=\u00a0\u00bb6%\u00a0\u00bb bottom_padding=\u00a0\u00bb2%\u00a0\u00bb left_padding_desktop=\u00a0\u00bb13%\u00a0\u00bb constrain_group_2=\u00a0\u00bbyes\u00a0\u00bb right_padding_desktop=\u00a0\u00bb13%\u00a0\u00bb top_padding_tablet=\u00a0\u00bb15%\u00a0\u00bb bottom_padding_tablet=\u00a0\u00bb5%\u00a0\u00bb top_padding_phone=\u00a0\u00bb15%\u00a0\u00bb bottom_padding_phone=\u00a0\u00bb5%\u00a0\u00bb left_padding_phone=\u00a0\u00bb8%\u00a0\u00bb&#8230;<\/p>\n","protected":false},"author":1,"featured_media":0,"parent":15500,"menu_order":0,"comment_status":"closed","ping_status":"closed","template":"","meta":{"footnotes":""},"class_list":["post-16867","page","type-page","status-publish"],"yoast_head":"<!-- This site is optimized with the Yoast SEO plugin v27.3 - https:\/\/yoast.com\/product\/yoast-seo-wordpress\/ -->\n<title>Offre H\u00f4tel + Ferry d&#039;Elbe | H\u00f4tel Airone<\/title>\n<meta name=\"description\" content=\"R\u00e9ductions sur le ferry pour l&#039;\u00eele d&#039;Elbe si vous r\u00e9servez avec l&#039;H\u00f4tel Airone. Profitez de l&#039;offre pour passer vos vacances \u00e0 la plage.\" \/>\n<meta name=\"robots\" content=\"index, follow, max-snippet:-1, max-image-preview:large, max-video-preview:-1\" \/>\n<link rel=\"canonical\" href=\"https:\/\/www.hotelairone.info\/fr\/offres-hotel-et-ferry-ile-d-elbe\/blu-navy\/\" \/>\n<meta property=\"og:locale\" content=\"fr_FR\" \/>\n<meta property=\"og:type\" content=\"article\" \/>\n<meta property=\"og:title\" content=\"Offre H\u00f4tel + Ferry d&#039;Elbe | H\u00f4tel Airone\" \/>\n<meta property=\"og:description\" content=\"R\u00e9ductions sur le ferry pour l&#039;\u00eele d&#039;Elbe si vous r\u00e9servez avec l&#039;H\u00f4tel Airone. Profitez de l&#039;offre pour passer vos vacances \u00e0 la plage.\" \/>\n<meta property=\"og:url\" content=\"https:\/\/www.hotelairone.info\/fr\/offres-hotel-et-ferry-ile-d-elbe\/blu-navy\/\" \/>\n<meta property=\"og:site_name\" content=\"Hotel Airone\" \/>\n<meta property=\"article:modified_time\" content=\"2024-06-17T07:59:50+00:00\" \/>\n<meta property=\"og:image\" content=\"https:\/\/blunavytraghetti.com\/wp-content\/themes\/cosmo\/assets\/images\/logo-blunavy-traghetti.png\" \/>\n<meta name=\"twitter:card\" content=\"summary_large_image\" \/>\n<script type=\"application\/ld+json\" class=\"yoast-schema-graph\">{\"@context\":\"https:\\\/\\\/schema.org\",\"@graph\":[{\"@type\":\"WebPage\",\"@id\":\"https:\\\/\\\/www.hotelairone.info\\\/fr\\\/offres-hotel-et-ferry-ile-d-elbe\\\/blu-navy\\\/\",\"url\":\"https:\\\/\\\/www.hotelairone.info\\\/fr\\\/offres-hotel-et-ferry-ile-d-elbe\\\/blu-navy\\\/\",\"name\":\"Offre H\u00f4tel + Ferry d'Elbe | H\u00f4tel Airone\",\"isPartOf\":{\"@id\":\"https:\\\/\\\/www.hotelairone.info\\\/#website\"},\"primaryImageOfPage\":{\"@id\":\"https:\\\/\\\/www.hotelairone.info\\\/fr\\\/offres-hotel-et-ferry-ile-d-elbe\\\/blu-navy\\\/#primaryimage\"},\"image\":{\"@id\":\"https:\\\/\\\/www.hotelairone.info\\\/fr\\\/offres-hotel-et-ferry-ile-d-elbe\\\/blu-navy\\\/#primaryimage\"},\"thumbnailUrl\":\"https:\\\/\\\/blunavytraghetti.com\\\/wp-content\\\/themes\\\/cosmo\\\/assets\\\/images\\\/logo-blunavy-traghetti.png\",\"datePublished\":\"2024-06-17T07:57:36+00:00\",\"dateModified\":\"2024-06-17T07:59:50+00:00\",\"description\":\"R\u00e9ductions sur le ferry pour l'\u00eele d'Elbe si vous r\u00e9servez avec l'H\u00f4tel Airone. Profitez de l'offre pour passer vos vacances \u00e0 la plage.\",\"breadcrumb\":{\"@id\":\"https:\\\/\\\/www.hotelairone.info\\\/fr\\\/offres-hotel-et-ferry-ile-d-elbe\\\/blu-navy\\\/#breadcrumb\"},\"inLanguage\":\"fr-FR\",\"potentialAction\":[{\"@type\":\"ReadAction\",\"target\":[\"https:\\\/\\\/www.hotelairone.info\\\/fr\\\/offres-hotel-et-ferry-ile-d-elbe\\\/blu-navy\\\/\"]}]},{\"@type\":\"ImageObject\",\"inLanguage\":\"fr-FR\",\"@id\":\"https:\\\/\\\/www.hotelairone.info\\\/fr\\\/offres-hotel-et-ferry-ile-d-elbe\\\/blu-navy\\\/#primaryimage\",\"url\":\"https:\\\/\\\/blunavytraghetti.com\\\/wp-content\\\/themes\\\/cosmo\\\/assets\\\/images\\\/logo-blunavy-traghetti.png\",\"contentUrl\":\"https:\\\/\\\/blunavytraghetti.com\\\/wp-content\\\/themes\\\/cosmo\\\/assets\\\/images\\\/logo-blunavy-traghetti.png\"},{\"@type\":\"BreadcrumbList\",\"@id\":\"https:\\\/\\\/www.hotelairone.info\\\/fr\\\/offres-hotel-et-ferry-ile-d-elbe\\\/blu-navy\\\/#breadcrumb\",\"itemListElement\":[{\"@type\":\"ListItem\",\"position\":1,\"name\":\"Home\",\"item\":\"https:\\\/\\\/www.hotelairone.info\\\/fr\\\/\"},{\"@type\":\"ListItem\",\"position\":2,\"name\":\"R\u00e9servez votre Ferry\",\"item\":\"https:\\\/\\\/www.hotelairone.info\\\/fr\\\/offres-hotel-et-ferry-ile-d-elbe\\\/\"},{\"@type\":\"ListItem\",\"position\":3,\"name\":\"R\u00e9servez votre Ferry Blu Navy\"}]},{\"@type\":\"WebSite\",\"@id\":\"https:\\\/\\\/www.hotelairone.info\\\/#website\",\"url\":\"https:\\\/\\\/www.hotelairone.info\\\/\",\"name\":\"Hotel Airone\",\"description\":\"Hotel Isola d\u2019Elba 4 stelle\",\"potentialAction\":[{\"@type\":\"SearchAction\",\"target\":{\"@type\":\"EntryPoint\",\"urlTemplate\":\"https:\\\/\\\/www.hotelairone.info\\\/?s={search_term_string}\"},\"query-input\":{\"@type\":\"PropertyValueSpecification\",\"valueRequired\":true,\"valueName\":\"search_term_string\"}}],\"inLanguage\":\"fr-FR\"}]}<\/script>\n<!-- \/ Yoast SEO plugin. -->","yoast_head_json":{"title":"Offre H\u00f4tel + Ferry d'Elbe | H\u00f4tel Airone","description":"R\u00e9ductions sur le ferry pour l'\u00eele d'Elbe si vous r\u00e9servez avec l'H\u00f4tel Airone. Profitez de l'offre pour passer vos vacances \u00e0 la plage.","robots":{"index":"index","follow":"follow","max-snippet":"max-snippet:-1","max-image-preview":"max-image-preview:large","max-video-preview":"max-video-preview:-1"},"canonical":"https:\/\/www.hotelairone.info\/fr\/offres-hotel-et-ferry-ile-d-elbe\/blu-navy\/","og_locale":"fr_FR","og_type":"article","og_title":"Offre H\u00f4tel + Ferry d'Elbe | H\u00f4tel Airone","og_description":"R\u00e9ductions sur le ferry pour l'\u00eele d'Elbe si vous r\u00e9servez avec l'H\u00f4tel Airone. Profitez de l'offre pour passer vos vacances \u00e0 la plage.","og_url":"https:\/\/www.hotelairone.info\/fr\/offres-hotel-et-ferry-ile-d-elbe\/blu-navy\/","og_site_name":"Hotel Airone","article_modified_time":"2024-06-17T07:59:50+00:00","og_image":[{"url":"https:\/\/blunavytraghetti.com\/wp-content\/themes\/cosmo\/assets\/images\/logo-blunavy-traghetti.png","type":"","width":"","height":""}],"twitter_card":"summary_large_image","schema":{"@context":"https:\/\/schema.org","@graph":[{"@type":"WebPage","@id":"https:\/\/www.hotelairone.info\/fr\/offres-hotel-et-ferry-ile-d-elbe\/blu-navy\/","url":"https:\/\/www.hotelairone.info\/fr\/offres-hotel-et-ferry-ile-d-elbe\/blu-navy\/","name":"Offre H\u00f4tel + Ferry d'Elbe | H\u00f4tel Airone","isPartOf":{"@id":"https:\/\/www.hotelairone.info\/#website"},"primaryImageOfPage":{"@id":"https:\/\/www.hotelairone.info\/fr\/offres-hotel-et-ferry-ile-d-elbe\/blu-navy\/#primaryimage"},"image":{"@id":"https:\/\/www.hotelairone.info\/fr\/offres-hotel-et-ferry-ile-d-elbe\/blu-navy\/#primaryimage"},"thumbnailUrl":"https:\/\/blunavytraghetti.com\/wp-content\/themes\/cosmo\/assets\/images\/logo-blunavy-traghetti.png","datePublished":"2024-06-17T07:57:36+00:00","dateModified":"2024-06-17T07:59:50+00:00","description":"R\u00e9ductions sur le ferry pour l'\u00eele d'Elbe si vous r\u00e9servez avec l'H\u00f4tel Airone. Profitez de l'offre pour passer vos vacances \u00e0 la plage.","breadcrumb":{"@id":"https:\/\/www.hotelairone.info\/fr\/offres-hotel-et-ferry-ile-d-elbe\/blu-navy\/#breadcrumb"},"inLanguage":"fr-FR","potentialAction":[{"@type":"ReadAction","target":["https:\/\/www.hotelairone.info\/fr\/offres-hotel-et-ferry-ile-d-elbe\/blu-navy\/"]}]},{"@type":"ImageObject","inLanguage":"fr-FR","@id":"https:\/\/www.hotelairone.info\/fr\/offres-hotel-et-ferry-ile-d-elbe\/blu-navy\/#primaryimage","url":"https:\/\/blunavytraghetti.com\/wp-content\/themes\/cosmo\/assets\/images\/logo-blunavy-traghetti.png","contentUrl":"https:\/\/blunavytraghetti.com\/wp-content\/themes\/cosmo\/assets\/images\/logo-blunavy-traghetti.png"},{"@type":"BreadcrumbList","@id":"https:\/\/www.hotelairone.info\/fr\/offres-hotel-et-ferry-ile-d-elbe\/blu-navy\/#breadcrumb","itemListElement":[{"@type":"ListItem","position":1,"name":"Home","item":"https:\/\/www.hotelairone.info\/fr\/"},{"@type":"ListItem","position":2,"name":"R\u00e9servez votre Ferry","item":"https:\/\/www.hotelairone.info\/fr\/offres-hotel-et-ferry-ile-d-elbe\/"},{"@type":"ListItem","position":3,"name":"R\u00e9servez votre Ferry Blu Navy"}]},{"@type":"WebSite","@id":"https:\/\/www.hotelairone.info\/#website","url":"https:\/\/www.hotelairone.info\/","name":"Hotel Airone","description":"Hotel Isola d\u2019Elba 4 stelle","potentialAction":[{"@type":"SearchAction","target":{"@type":"EntryPoint","urlTemplate":"https:\/\/www.hotelairone.info\/?s={search_term_string}"},"query-input":{"@type":"PropertyValueSpecification","valueRequired":true,"valueName":"search_term_string"}}],"inLanguage":"fr-FR"}]}},"_links":{"self":[{"href":"https:\/\/www.hotelairone.info\/fr\/wp-json\/wp\/v2\/pages\/16867","targetHints":{"allow":["GET"]}}],"collection":[{"href":"https:\/\/www.hotelairone.info\/fr\/wp-json\/wp\/v2\/pages"}],"about":[{"href":"https:\/\/www.hotelairone.info\/fr\/wp-json\/wp\/v2\/types\/page"}],"author":[{"embeddable":true,"href":"https:\/\/www.hotelairone.info\/fr\/wp-json\/wp\/v2\/users\/1"}],"replies":[{"embeddable":true,"href":"https:\/\/www.hotelairone.info\/fr\/wp-json\/wp\/v2\/comments?post=16867"}],"version-history":[{"count":1,"href":"https:\/\/www.hotelairone.info\/fr\/wp-json\/wp\/v2\/pages\/16867\/revisions"}],"predecessor-version":[{"id":16870,"href":"https:\/\/www.hotelairone.info\/fr\/wp-json\/wp\/v2\/pages\/16867\/revisions\/16870"}],"up":[{"embeddable":true,"href":"https:\/\/www.hotelairone.info\/fr\/wp-json\/wp\/v2\/pages\/15500"}],"wp:attachment":[{"href":"https:\/\/www.hotelairone.info\/fr\/wp-json\/wp\/v2\/media?parent=16867"}],"curies":[{"name":"wp","href":"https:\/\/api.w.org\/{rel}","templated":true}]}}